{"id":389,"date":"2023-10-12T22:07:05","date_gmt":"2023-10-12T20:07:05","guid":{"rendered":"https:\/\/blairvacq.fr\/?page_id=389"},"modified":"2025-06-13T19:24:28","modified_gmt":"2025-06-13T17:24:28","slug":"contact","status":"publish","type":"page","link":"https:\/\/vsgvb.fr\/?page_id=389","title":{"rendered":"Contact"},"content":{"rendered":"\n<div class=\"wp-block-cover alignfull is-light has-parallax\"><div class=\"wp-block-cover__image-background wp-image-704 has-parallax\" style=\"background-position:50% 50%;background-image:url(https:\/\/vsgvb.fr\/wp-content\/uploads\/2024\/02\/2059b01c-76a9-4b0b-8c36-6bc93da01e09.jpg)\"><\/div><span aria-hidden=\"true\" class=\"wp-block-cover__background has-background-dim\"><\/span><div class=\"wp-block-cover__inner-container is-layout-flow wp-block-cover-is-layout-flow\">\n<p class=\"has-text-align-center has-large-font-size\"><strong>CONTACT<\/strong><\/p>\n<\/div><\/div>\n\n\n\n<div class=\"wp-block-columns is-layout-flex wp-container-core-columns-is-layout-28f84493 wp-block-columns-is-layout-flex\">\n<div class=\"wp-block-column is-vertically-aligned-center is-layout-flow wp-block-column-is-layout-flow\">\n<div class=\"wp-block-group is-layout-constrained wp-block-group-is-layout-constrained\">\n<p class=\"has-text-align-center\">Pour nous joindre rien de plus simple !<br>Contactez le club \u00e0 l&rsquo;adresse suivante :<\/p>\n\n\n\n<p class=\"has-text-align-center\">commvsgvolley@gmail.com<\/p>\n\n\n\n<p class=\"has-text-align-center\">Ou sur nos r\u00e9seaux sociaux :<\/p>\n<\/div>\n\n\n\n<div class=\"wp-block-group is-layout-constrained wp-block-group-is-layout-constrained\">\n<p class=\"has-text-align-center\">Instagram : vesinetsgc_volley<\/p>\n\n\n\n<p class=\"has-text-align-center\">Facebook : V\u00e9sinet St-Germain Volley<\/p>\n<\/div>\n<\/div>\n\n\n\n<div class=\"wp-block-column is-vertically-aligned-center is-layout-flow wp-block-column-is-layout-flow\">\n<figure class=\"wp-block-image aligncenter size-full is-resized has-custom-border\"><img decoding=\"async\" width=\"165\" height=\"165\" src=\"https:\/\/vsgvb.fr\/wp-content\/uploads\/2024\/12\/Logo-VSGC-Bleu.png\" alt=\"\" class=\"wp-image-888\" style=\"border-radius:16px;width:193px;height:auto\" srcset=\"https:\/\/vsgvb.fr\/wp-content\/uploads\/2024\/12\/Logo-VSGC-Bleu.png 165w, https:\/\/vsgvb.fr\/wp-content\/uploads\/2024\/12\/Logo-VSGC-Bleu-150x150.png 150w\" sizes=\"(max-width: 165px) 100vw, 165px\" \/><\/figure>\n<\/div>\n<\/div>\n","protected":false},"excerpt":{"rendered":"<p>Pour nous joindre rien de plus simple !Contactez le club \u00e0 l&rsquo;adresse suivante : commvsgvolley@gmail.com Ou sur nos r\u00e9seaux sociaux : Instagram : vesinetsgc_volley Facebook : V\u00e9sinet St-Germain Volley<\/p>\n","protected":false},"author":1,"featured_media":0,"parent":0,"menu_order":0,"comment_status":"closed","ping_status":"closed","template":"","meta":{"_monsterinsights_skip_tracking":false,"_monsterinsights_sitenote_active":false,"_monsterinsights_sitenote_note":"","_monsterinsights_sitenote_category":0,"site-sidebar-layout":"default","site-content-layout":"","ast-site-content-layout":"","site-content-style":"default","site-sidebar-style":"default","ast-global-header-display":"","ast-banner-title-visibility":"","ast-main-header-display":"","ast-hfb-above-header-display":"","ast-hfb-below-header-display":"","ast-hfb-mobile-header-display":"","site-post-title":"disabled","ast-breadcrumbs-content":"","ast-featured-img":"","footer-sml-layout":"","theme-transparent-header-meta":"","adv-header-id-meta":"","stick-header-meta":"","header-above-stick-meta":"","header-main-stick-meta":"","header-below-stick-meta":"","astra-migrate-meta-layouts":"default","ast-page-background-enabled":"default","ast-page-background-meta":{"desktop":{"background-color":"var(--ast-global-color-4)","background-image":"","background-repeat":"repeat","background-position":"center center","background-size":"auto","background-attachment":"scroll","background-type":"","background-media":"","overlay-type":"","overlay-color":"","overlay-gradient":""},"tablet":{"background-color":"","background-image":"","background-repeat":"repeat","background-position":"center center","background-size":"auto","background-attachment":"scroll","background-type":"","background-media":"","overlay-type":"","overlay-color":"","overlay-gradient":""},"mobile":{"background-color":"","background-image":"","background-repeat":"repeat","background-position":"center center","background-size":"auto","background-attachment":"scroll","background-type":"","background-media":"","overlay-type":"","overlay-color":"","overlay-gradient":""}},"ast-content-background-meta":{"desktop":{"background-color":"var(--ast-global-color-5)","background-image":"","background-repeat":"repeat","background-position":"center center","background-size":"auto","background-attachment":"scroll","background-type":"","background-media":"","overlay-type":"","overlay-color":"","overlay-gradient":""},"tablet":{"background-color":"var(--ast-global-color-5)","background-image":"","background-repeat":"repeat","background-position":"center center","background-size":"auto","background-attachment":"scroll","background-type":"","background-media":"","overlay-type":"","overlay-color":"","overlay-gradient":""},"mobile":{"background-color":"var(--ast-global-color-5)","background-image":"","background-repeat":"repeat","background-position":"center center","background-size":"auto","background-attachment":"scroll","background-type":"","background-media":"","overlay-type":"","overlay-color":"","overlay-gradient":""}},"footnotes":""},"class_list":["post-389","page","type-page","status-publish","hentry"],"aioseo_notices":[],"_links":{"self":[{"href":"https:\/\/vsgvb.fr\/index.php?rest_route=\/wp\/v2\/pages\/389","targetHints":{"allow":["GET"]}}],"collection":[{"href":"https:\/\/vsgvb.fr\/index.php?rest_route=\/wp\/v2\/pages"}],"about":[{"href":"https:\/\/vsgvb.fr\/index.php?rest_route=\/wp\/v2\/types\/page"}],"author":[{"embeddable":true,"href":"https:\/\/vsgvb.fr\/index.php?rest_route=\/wp\/v2\/users\/1"}],"replies":[{"embeddable":true,"href":"https:\/\/vsgvb.fr\/index.php?rest_route=%2Fwp%2Fv2%2Fcomments&post=389"}],"version-history":[{"count":14,"href":"https:\/\/vsgvb.fr\/index.php?rest_route=\/wp\/v2\/pages\/389\/revisions"}],"predecessor-version":[{"id":1311,"href":"https:\/\/vsgvb.fr\/index.php?rest_route=\/wp\/v2\/pages\/389\/revisions\/1311"}],"wp:attachment":[{"href":"https:\/\/vsgvb.fr\/index.php?rest_route=%2Fwp%2Fv2%2Fmedia&parent=389"}],"curies":[{"name":"wp","href":"https:\/\/api.w.org\/{rel}","templated":true}]}}