{"id":190,"date":"2023-10-12T18:24:15","date_gmt":"2023-10-12T16:24:15","guid":{"rendered":"https:\/\/blairvacq.fr\/?page_id=190"},"modified":"2025-09-08T17:22:28","modified_gmt":"2025-09-08T15:22:28","slug":"indoor-ecole-de-volley","status":"publish","type":"page","link":"https:\/\/vsgvb.fr\/?page_id=190","title":{"rendered":"Indoor &#8211; Ecole de Volley"},"content":{"rendered":"\n<p class=\"has-text-align-center has-vivid-green-cyan-background-color has-background has-medium-font-size\"><strong><strong>Les cr\u00e9neaux pr\u00e9sent\u00e9s ci-dessous ont \u00e9t\u00e9 actualis\u00e9s au titre de la saison 2025\/2026 \u00e0 venir.<\/strong><\/strong><\/p>\n\n\n\n<h2 class=\"wp-block-heading has-text-align-center has-pale-cyan-blue-color has-text-color\">Cr\u00e9neaux d&rsquo;entra\u00eenement &#8211; <strong>Initiation<\/strong> M15 Mixte St-Germain<\/h2>\n\n\n\n<div class=\"wp-block-media-text alignwide is-stacked-on-mobile\" style=\"grid-template-columns:57% auto\"><figure class=\"wp-block-media-text__media\"><img fetchpriority=\"high\" decoding=\"async\" width=\"1024\" height=\"461\" src=\"https:\/\/vsgvb.fr\/wp-content\/uploads\/2023\/12\/Ecole-de-volley-1024x461.jpg\" alt=\"\" class=\"wp-image-588 size-full\" srcset=\"https:\/\/vsgvb.fr\/wp-content\/uploads\/2023\/12\/Ecole-de-volley-1024x461.jpg 1024w, https:\/\/vsgvb.fr\/wp-content\/uploads\/2023\/12\/Ecole-de-volley-300x135.jpg 300w, https:\/\/vsgvb.fr\/wp-content\/uploads\/2023\/12\/Ecole-de-volley-768x346.jpg 768w, https:\/\/vsgvb.fr\/wp-content\/uploads\/2023\/12\/Ecole-de-volley-1536x691.jpg 1536w, https:\/\/vsgvb.fr\/wp-content\/uploads\/2023\/12\/Ecole-de-volley.jpg 1600w\" sizes=\"(max-width: 1024px) 100vw, 1024px\" \/><\/figure><div class=\"wp-block-media-text__content\">\n<h2 class=\"wp-block-heading has-text-align-center\">Lundi&nbsp;: 19H30 &#8211; 21H00<\/h2>\n\n\n\n<p class=\"has-text-align-center\">Gymnase des Lavandi\u00e8res<br><a href=\"https:\/\/www.google.com\/maps\/place\/Gymnase+de+la+Colline+(COSOM)\/@48.8925088,2.0644869,17z\/data=!3m1!4b1!4m6!3m5!1s0x47e6884fe98e9a1f:0xeaefd7729400e3af!8m2!3d48.8925088!4d2.0670618!16s%2Fg%2F11bw7hw__n?entry=ttu\" target=\"_blank\" rel=\"noopener\" title=\"11 Bd Franz Liszt, 78100 Saint-Germain-en-Laye\"><a href=\"https:\/\/www.google.com\/maps\/place\/Gymnase+Les+Merlettes\/@48.9072494,2.1243614,15z\/data=!4m2!3m1!1s0x0:0x20f5085210cc139d?sa=X&amp;ved=2ahUKEwilj_nKo_GBAxW7TaQEHZ-aBNMQ_BJ6BAhCEAA&amp;ved=2ahUKEwilj_nKo_GBAxW7TaQEHZ-aBNMQ_BJ6BAhREAg\" target=\"_blank\" rel=\"noopener\" title=\"13 rue des Lavandi\u00e8res, Saint-Germain-en-Laye\">13 rue des Lavandi\u00e8res, Saint-Germain-en-Laye<\/a><\/a><\/p>\n<\/div><\/div>\n\n\n\n<div style=\"height:60px\" aria-hidden=\"true\" class=\"wp-block-spacer\"><\/div>\n\n\n\n<h2 class=\"wp-block-heading has-text-align-center has-pale-cyan-blue-color has-text-color\">Cr\u00e9neaux d&rsquo;entra\u00eenement &#8211; M11 Comp\u00e9tition Le V\u00e9sinet<\/h2>\n\n\n\n<div class=\"wp-block-media-text alignwide is-stacked-on-mobile\" style=\"grid-template-columns:57% auto\"><figure class=\"wp-block-media-text__media\"><img fetchpriority=\"high\" decoding=\"async\" width=\"1024\" height=\"461\" src=\"https:\/\/vsgvb.fr\/wp-content\/uploads\/2023\/12\/Ecole-de-volley-1024x461.jpg\" alt=\"\" class=\"wp-image-588 size-full\" srcset=\"https:\/\/vsgvb.fr\/wp-content\/uploads\/2023\/12\/Ecole-de-volley-1024x461.jpg 1024w, https:\/\/vsgvb.fr\/wp-content\/uploads\/2023\/12\/Ecole-de-volley-300x135.jpg 300w, https:\/\/vsgvb.fr\/wp-content\/uploads\/2023\/12\/Ecole-de-volley-768x346.jpg 768w, https:\/\/vsgvb.fr\/wp-content\/uploads\/2023\/12\/Ecole-de-volley-1536x691.jpg 1536w, https:\/\/vsgvb.fr\/wp-content\/uploads\/2023\/12\/Ecole-de-volley.jpg 1600w\" sizes=\"(max-width: 1024px) 100vw, 1024px\" \/><\/figure><div class=\"wp-block-media-text__content\">\n<div class=\"wp-block-group is-layout-constrained wp-block-group-is-layout-constrained\">\n<h2 class=\"wp-block-heading has-text-align-center\">Samedi : 11H00 &#8211; 12H30<\/h2>\n<\/div>\n\n\n\n<p class=\"has-text-align-center\">Gymnase Delacroix &#8211; Stade des Merlettes<br><a href=\"https:\/\/www.google.com\/maps\/place\/Gymnase+Les+Merlettes\/@48.9072494,2.1243614,15z\/data=!4m2!3m1!1s0x0:0x20f5085210cc139d?sa=X&amp;ved=2ahUKEwilj_nKo_GBAxW7TaQEHZ-aBNMQ_BJ6BAhCEAA&amp;ved=2ahUKEwilj_nKo_GBAxW7TaQEHZ-aBNMQ_BJ6BAhREAg\" target=\"_blank\" rel=\"noopener\" title=\"Rue des Merlettes, Montesson\">Rue des Merlettes, Montesson<\/a><\/p>\n<\/div><\/div>\n\n\n\n<p><\/p>\n\n\n\n<div style=\"height:60px\" aria-hidden=\"true\" class=\"wp-block-spacer\"><\/div>\n\n\n\n<h2 class=\"wp-block-heading has-text-align-center has-pale-cyan-blue-color has-text-color\">Cr\u00e9neaux d&rsquo;entra\u00eenement &#8211; M9\/M11\/M13 Initiation St-Germain<\/h2>\n\n\n\n<div class=\"wp-block-media-text alignwide has-media-on-the-right is-stacked-on-mobile\" style=\"grid-template-columns:auto 57%\"><div class=\"wp-block-media-text__content\">\n<div class=\"wp-block-group is-layout-constrained wp-block-group-is-layout-constrained\">\n<h2 class=\"wp-block-heading has-text-align-center\">Mercredi : 18H30 &#8211; 20H30<\/h2>\n<\/div>\n\n\n\n<p class=\"has-text-align-center\">Gymnase de la Colline<br><a href=\"https:\/\/www.google.com\/maps\/place\/Gymnase+Les+Merlettes\/@48.9072494,2.1243614,15z\/data=!4m2!3m1!1s0x0:0x20f5085210cc139d?sa=X&amp;ved=2ahUKEwilj_nKo_GBAxW7TaQEHZ-aBNMQ_BJ6BAhCEAA&amp;ved=2ahUKEwilj_nKo_GBAxW7TaQEHZ-aBNMQ_BJ6BAhREAg\" target=\"_blank\" rel=\"noopener\" title=\"Rue des Merlettes, Montesson\"><a href=\"https:\/\/www.google.com\/maps\/place\/Gymnase+de+la+Colline+(COSOM)\/@48.8925088,2.0644869,17z\/data=!3m1!4b1!4m6!3m5!1s0x47e6884fe98e9a1f:0xeaefd7729400e3af!8m2!3d48.8925088!4d2.0670618!16s%2Fg%2F11bw7hw__n?entry=ttu\" target=\"_blank\" rel=\"noopener\" title=\"11 Bd Franz Liszt, 78100 Saint-Germain-en-Laye\">11 Bd Franz Liszt, 78100 Saint-Germain-en-Laye<\/a><\/a><\/p>\n<\/div><figure class=\"wp-block-media-text__media\"><img fetchpriority=\"high\" decoding=\"async\" width=\"1024\" height=\"461\" src=\"https:\/\/vsgvb.fr\/wp-content\/uploads\/2023\/12\/Ecole-de-volley-1024x461.jpg\" alt=\"\" class=\"wp-image-588 size-full\" srcset=\"https:\/\/vsgvb.fr\/wp-content\/uploads\/2023\/12\/Ecole-de-volley-1024x461.jpg 1024w, https:\/\/vsgvb.fr\/wp-content\/uploads\/2023\/12\/Ecole-de-volley-300x135.jpg 300w, https:\/\/vsgvb.fr\/wp-content\/uploads\/2023\/12\/Ecole-de-volley-768x346.jpg 768w, https:\/\/vsgvb.fr\/wp-content\/uploads\/2023\/12\/Ecole-de-volley-1536x691.jpg 1536w, https:\/\/vsgvb.fr\/wp-content\/uploads\/2023\/12\/Ecole-de-volley.jpg 1600w\" sizes=\"(max-width: 1024px) 100vw, 1024px\" \/><\/figure><\/div>\n\n\n\n<div style=\"height:60px\" aria-hidden=\"true\" class=\"wp-block-spacer\"><\/div>\n\n\n\n<h2 class=\"wp-block-heading has-text-align-center has-pale-cyan-blue-color has-text-color\">Cr\u00e9neaux d&rsquo;entra\u00eenement &#8211; Initiation M7\/M9\/M11 Chambourcy<\/h2>\n\n\n\n<div class=\"wp-block-media-text alignwide is-stacked-on-mobile\" style=\"grid-template-columns:57% auto\"><figure class=\"wp-block-media-text__media\"><img fetchpriority=\"high\" decoding=\"async\" width=\"1024\" height=\"461\" src=\"https:\/\/vsgvb.fr\/wp-content\/uploads\/2023\/12\/Ecole-de-volley-1024x461.jpg\" alt=\"\" class=\"wp-image-588 size-full\" srcset=\"https:\/\/vsgvb.fr\/wp-content\/uploads\/2023\/12\/Ecole-de-volley-1024x461.jpg 1024w, https:\/\/vsgvb.fr\/wp-content\/uploads\/2023\/12\/Ecole-de-volley-300x135.jpg 300w, https:\/\/vsgvb.fr\/wp-content\/uploads\/2023\/12\/Ecole-de-volley-768x346.jpg 768w, https:\/\/vsgvb.fr\/wp-content\/uploads\/2023\/12\/Ecole-de-volley-1536x691.jpg 1536w, https:\/\/vsgvb.fr\/wp-content\/uploads\/2023\/12\/Ecole-de-volley.jpg 1600w\" sizes=\"(max-width: 1024px) 100vw, 1024px\" \/><\/figure><div class=\"wp-block-media-text__content\">\n<h2 class=\"wp-block-heading has-text-align-center\">Lundi&nbsp;: 17H00 &#8211; 18H00<\/h2>\n\n\n\n<p class=\"has-text-align-center\">Gymnase de la Chataigneraie<br><a href=\"https:\/\/www.google.fr\/maps\/place\/%C3%89cole+%C3%A9l%C3%A9mentaire+de+la+Chataigneraie\/@48.9027846,2.0398479,17.8z\/data=!4m6!3m5!1s0x47e6891df2561479:0x87cfe5c771eef905!8m2!3d48.9028206!4d2.0413836!16s%2Fg%2F11dfkmrnrk?hl=fr&amp;entry=ttu&amp;g_ep=EgoyMDI1MDgxOS4wIKXMDSoASAFQAw%3D%3D\" title=\"\">Chemin des Ecoliers, Chambourcy<\/a><\/p>\n<\/div><\/div>\n\n\n\n<div style=\"height:60px\" aria-hidden=\"true\" class=\"wp-block-spacer\"><\/div>\n\n\n\n<h2 class=\"wp-block-heading has-text-align-center has-pale-cyan-blue-color has-text-color\">Cr\u00e9neaux d&rsquo;entra\u00eenement &#8211; Initiation M7\/M9 Le V\u00e9sinet<\/h2>\n\n\n\n<div class=\"wp-block-media-text alignwide has-media-on-the-right is-stacked-on-mobile\" style=\"grid-template-columns:auto 57%\"><div class=\"wp-block-media-text__content\">\n<h2 class=\"wp-block-heading has-text-align-center\">Samedi : 10H00 &#8211; 11H00<\/h2>\n\n\n\n<p class=\"has-text-align-center\">Gymnase Delacroix &#8211; Stade des Merlettes<br><a href=\"https:\/\/www.google.com\/maps\/place\/Gymnase+Les+Merlettes\/@48.9072494,2.1243614,15z\/data=!4m2!3m1!1s0x0:0x20f5085210cc139d?sa=X&amp;ved=2ahUKEwilj_nKo_GBAxW7TaQEHZ-aBNMQ_BJ6BAhCEAA&amp;ved=2ahUKEwilj_nKo_GBAxW7TaQEHZ-aBNMQ_BJ6BAhREAg\" target=\"_blank\" rel=\"noopener\" title=\"Rue des Merlettes, Montesson\">Rue des Merlettes, Montesson<\/a><\/p>\n<\/div><figure class=\"wp-block-media-text__media\"><img fetchpriority=\"high\" decoding=\"async\" width=\"1024\" height=\"461\" src=\"https:\/\/vsgvb.fr\/wp-content\/uploads\/2023\/12\/Ecole-de-volley-1024x461.jpg\" alt=\"\" class=\"wp-image-588 size-full\" srcset=\"https:\/\/vsgvb.fr\/wp-content\/uploads\/2023\/12\/Ecole-de-volley-1024x461.jpg 1024w, https:\/\/vsgvb.fr\/wp-content\/uploads\/2023\/12\/Ecole-de-volley-300x135.jpg 300w, https:\/\/vsgvb.fr\/wp-content\/uploads\/2023\/12\/Ecole-de-volley-768x346.jpg 768w, https:\/\/vsgvb.fr\/wp-content\/uploads\/2023\/12\/Ecole-de-volley-1536x691.jpg 1536w, https:\/\/vsgvb.fr\/wp-content\/uploads\/2023\/12\/Ecole-de-volley.jpg 1600w\" sizes=\"(max-width: 1024px) 100vw, 1024px\" \/><\/figure><\/div>\n\n\n\n<p><\/p>\n\n\n\n<h2 class=\"wp-block-heading has-text-align-center has-pale-cyan-blue-color has-text-color\">Cr\u00e9neaux d&rsquo;entra\u00eenement &#8211; Initiation M13 Mixte Le V\u00e9sinet<\/h2>\n\n\n\n<div class=\"wp-block-media-text alignwide has-media-on-the-right is-stacked-on-mobile\" style=\"grid-template-columns:auto 57%\"><div class=\"wp-block-media-text__content\">\n<h2 class=\"wp-block-heading has-text-align-center\">Samedi : 09H30 &#8211; 11H00<\/h2>\n\n\n\n<p class=\"has-text-align-center\">Gymnase Delacroix &#8211; Stade des Merlettes<br><a href=\"https:\/\/www.google.com\/maps\/place\/Gymnase+Les+Merlettes\/@48.9072494,2.1243614,15z\/data=!4m2!3m1!1s0x0:0x20f5085210cc139d?sa=X&amp;ved=2ahUKEwilj_nKo_GBAxW7TaQEHZ-aBNMQ_BJ6BAhCEAA&amp;ved=2ahUKEwilj_nKo_GBAxW7TaQEHZ-aBNMQ_BJ6BAhREAg\" target=\"_blank\" rel=\"noopener\" title=\"Rue des Merlettes, Montesson\">Rue des Merlettes, Montesson<\/a><\/p>\n<\/div><figure class=\"wp-block-media-text__media\"><img fetchpriority=\"high\" decoding=\"async\" width=\"1024\" height=\"461\" src=\"https:\/\/vsgvb.fr\/wp-content\/uploads\/2023\/12\/Ecole-de-volley-1024x461.jpg\" alt=\"\" class=\"wp-image-588 size-full\" srcset=\"https:\/\/vsgvb.fr\/wp-content\/uploads\/2023\/12\/Ecole-de-volley-1024x461.jpg 1024w, https:\/\/vsgvb.fr\/wp-content\/uploads\/2023\/12\/Ecole-de-volley-300x135.jpg 300w, https:\/\/vsgvb.fr\/wp-content\/uploads\/2023\/12\/Ecole-de-volley-768x346.jpg 768w, https:\/\/vsgvb.fr\/wp-content\/uploads\/2023\/12\/Ecole-de-volley-1536x691.jpg 1536w, https:\/\/vsgvb.fr\/wp-content\/uploads\/2023\/12\/Ecole-de-volley.jpg 1600w\" sizes=\"(max-width: 1024px) 100vw, 1024px\" \/><\/figure><\/div>\n\n\n\n<p><\/p>\n","protected":false},"excerpt":{"rendered":"<p>Les cr\u00e9neaux pr\u00e9sent\u00e9s ci-dessous ont \u00e9t\u00e9 actualis\u00e9s au titre de la saison 2025\/2026 \u00e0 venir. Cr\u00e9neaux d&rsquo;entra\u00eenement &#8211; Initiation M15 Mixte St-Germain Lundi&nbsp;: 19H30 &#8211; 21H00 Gymnase des Lavandi\u00e8res13 rue des Lavandi\u00e8res, Saint-Germain-en-Laye Cr\u00e9neaux d&rsquo;entra\u00eenement &#8211; M11 Comp\u00e9tition Le V\u00e9sinet Cr\u00e9neaux d&rsquo;entra\u00eenement &#8211; M9\/M11\/M13 Initiation St-Germain Cr\u00e9neaux d&rsquo;entra\u00eenement &#8211; Initiation M7\/M9\/M11 Chambourcy Lundi&nbsp;: 17H00 &#8211; &hellip;<\/p>\n<p class=\"read-more\"> <a class=\"\" href=\"https:\/\/vsgvb.fr\/?page_id=190\"> <span class=\"screen-reader-text\">Indoor &#8211; Ecole de Volley<\/span> Lire la suite\u00a0\u00bb<\/a><\/p>\n","protected":false},"author":1,"featured_media":0,"parent":0,"menu_order":0,"comment_status":"closed","ping_status":"closed","template":"","meta":{"_monsterinsights_skip_tracking":false,"_monsterinsights_sitenote_active":false,"_monsterinsights_sitenote_note":"","_monsterinsights_sitenote_category":0,"site-sidebar-layout":"default","site-content-layout":"","ast-site-content-layout":"","site-content-style":"default","site-sidebar-style":"default","ast-global-header-display":"","ast-banner-title-visibility":"","ast-main-header-display":"","ast-hfb-above-header-display":"","ast-hfb-below-header-display":"","ast-hfb-mobile-header-display":"","site-post-title":"","ast-breadcrumbs-content":"","ast-featured-img":"","footer-sml-layout":"","theme-transparent-header-meta":"","adv-header-id-meta":"","stick-header-meta":"","header-above-stick-meta":"","header-main-stick-meta":"","header-below-stick-meta":"","astra-migrate-meta-layouts":"default","ast-page-background-enabled":"default","ast-page-background-meta":{"desktop":{"background-color":"var(--ast-global-color-4)","background-image":"","background-repeat":"repeat","background-position":"center center","background-size":"auto","background-attachment":"scroll","background-type":"","background-media":"","overlay-type":"","overlay-color":"","overlay-gradient":""},"tablet":{"background-color":"","background-image":"","background-repeat":"repeat","background-position":"center center","background-size":"auto","background-attachment":"scroll","background-type":"","background-media":"","overlay-type":"","overlay-color":"","overlay-gradient":""},"mobile":{"background-color":"","background-image":"","background-repeat":"repeat","background-position":"center center","background-size":"auto","background-attachment":"scroll","background-type":"","background-media":"","overlay-type":"","overlay-color":"","overlay-gradient":""}},"ast-content-background-meta":{"desktop":{"background-color":"var(--ast-global-color-5)","background-image":"","background-repeat":"repeat","background-position":"center center","background-size":"auto","background-attachment":"scroll","background-type":"","background-media":"","overlay-type":"","overlay-color":"","overlay-gradient":""},"tablet":{"background-color":"var(--ast-global-color-5)","background-image":"","background-repeat":"repeat","background-position":"center center","background-size":"auto","background-attachment":"scroll","background-type":"","background-media":"","overlay-type":"","overlay-color":"","overlay-gradient":""},"mobile":{"background-color":"var(--ast-global-color-5)","background-image":"","background-repeat":"repeat","background-position":"center center","background-size":"auto","background-attachment":"scroll","background-type":"","background-media":"","overlay-type":"","overlay-color":"","overlay-gradient":""}},"footnotes":""},"class_list":["post-190","page","type-page","status-publish","hentry"],"aioseo_notices":[],"_links":{"self":[{"href":"https:\/\/vsgvb.fr\/index.php?rest_route=\/wp\/v2\/pages\/190","targetHints":{"allow":["GET"]}}],"collection":[{"href":"https:\/\/vsgvb.fr\/index.php?rest_route=\/wp\/v2\/pages"}],"about":[{"href":"https:\/\/vsgvb.fr\/index.php?rest_route=\/wp\/v2\/types\/page"}],"author":[{"embeddable":true,"href":"https:\/\/vsgvb.fr\/index.php?rest_route=\/wp\/v2\/users\/1"}],"replies":[{"embeddable":true,"href":"https:\/\/vsgvb.fr\/index.php?rest_route=%2Fwp%2Fv2%2Fcomments&post=190"}],"version-history":[{"count":23,"href":"https:\/\/vsgvb.fr\/index.php?rest_route=\/wp\/v2\/pages\/190\/revisions"}],"predecessor-version":[{"id":1564,"href":"https:\/\/vsgvb.fr\/index.php?rest_route=\/wp\/v2\/pages\/190\/revisions\/1564"}],"wp:attachment":[{"href":"https:\/\/vsgvb.fr\/index.php?rest_route=%2Fwp%2Fv2%2Fmedia&parent=190"}],"curies":[{"name":"wp","href":"https:\/\/api.w.org\/{rel}","templated":true}]}}