{"id":171,"date":"2023-10-12T18:12:06","date_gmt":"2023-10-12T16:12:06","guid":{"rendered":"https:\/\/blairvacq.fr\/?page_id=171"},"modified":"2025-08-22T11:16:58","modified_gmt":"2025-08-22T09:16:58","slug":"indoor-loisirs","status":"publish","type":"page","link":"https:\/\/vsgvb.fr\/?page_id=171","title":{"rendered":"Indoor &#8211; Loisirs"},"content":{"rendered":"\n<p class=\"has-text-align-center has-vivid-green-cyan-background-color has-background has-medium-font-size\"><strong><strong>Les cr\u00e9neaux pr\u00e9sent\u00e9s ci-dessous ont \u00e9t\u00e9 actualis\u00e9s au titre de la saison 2025\/2026 \u00e0 venir.<\/strong><\/strong><\/p>\n\n\n\n<h2 class=\"wp-block-heading has-text-align-center has-pale-cyan-blue-color has-text-color\">Cr\u00e9neaux d&rsquo;entra\u00eenement &#8211; Loisirs <strong>Comp\u00e9tition<\/strong><\/h2>\n\n\n\n<div class=\"wp-block-columns alignwide is-layout-flex wp-container-core-columns-is-layout-8a2eb100 wp-block-columns-is-layout-flex\" style=\"padding-top:var(--wp--preset--spacing--30);padding-right:0;padding-bottom:var(--wp--preset--spacing--30);padding-left:0\">\n<div class=\"wp-block-column is-layout-flow wp-block-column-is-layout-flow\" style=\"flex-basis:50%\">\n<div class=\"wp-block-columns is-layout-flex wp-container-core-columns-is-layout-28f84493 wp-block-columns-is-layout-flex\">\n<div class=\"wp-block-column is-layout-flow wp-block-column-is-layout-flow\">\n<figure class=\"wp-block-image size-large is-resized\"><img fetchpriority=\"high\" decoding=\"async\" width=\"1024\" height=\"551\" src=\"https:\/\/vsgvb.fr\/wp-content\/uploads\/2023\/12\/Copie-de-Copie-de-ANNONCE-DE-MATCH-1-1024x551.png\" alt=\"\" class=\"wp-image-584\" style=\"width:651px;height:auto\" srcset=\"https:\/\/vsgvb.fr\/wp-content\/uploads\/2023\/12\/Copie-de-Copie-de-ANNONCE-DE-MATCH-1-1024x551.png 1024w, https:\/\/vsgvb.fr\/wp-content\/uploads\/2023\/12\/Copie-de-Copie-de-ANNONCE-DE-MATCH-1-300x161.png 300w, https:\/\/vsgvb.fr\/wp-content\/uploads\/2023\/12\/Copie-de-Copie-de-ANNONCE-DE-MATCH-1-768x413.png 768w, https:\/\/vsgvb.fr\/wp-content\/uploads\/2023\/12\/Copie-de-Copie-de-ANNONCE-DE-MATCH-1.png 1080w\" sizes=\"(max-width: 1024px) 100vw, 1024px\" \/><\/figure>\n<\/div>\n<\/div>\n<\/div>\n\n\n\n<div class=\"wp-block-column is-vertically-aligned-center is-layout-flow wp-block-column-is-layout-flow\" style=\"flex-basis:50%\">\n<h2 class=\"wp-block-heading has-text-align-center\">Lundi : 21H00 &#8211; 22H30<br>Vendredi : 21H00 &#8211; 22H30<\/h2>\n\n\n\n<p class=\"has-text-align-center\">Gymnase des Lavandi\u00e8res<br><a href=\"http:\/\/google.com\/maps\/place\/Gymnase+des+Lavandi\u00e8res\/@48.8963122,2.0728367,15z\/data=!4m15!1m8!3m7!1s0x47e6884eacd2ea8d:0x43d4e66ceae5aa79!2sGymnase+des+Lavandi\u00e8res!8m2!3d48.8962559!4d2.0730386!10e5!16s%2Fg%2F1pty4pc53!3m5!1s0x47e6884eacd2ea8d:0x43d4e66ceae5aa79!8m2!3d48.8962559!4d2.0730386!16s%2Fg%2F1pty4pc53?entry=ttu\" target=\"_blank\" rel=\"noopener\" title=\"13 rue des Lavandi\u00e8res, Saint-Germain-en-Laye\">13 rue des Lavandi\u00e8res, Saint-Germain-en-Laye<\/a><\/p>\n<\/div>\n<\/div>\n\n\n\n<div style=\"height:70px\" aria-hidden=\"true\" class=\"wp-block-spacer\"><\/div>\n\n\n\n<h2 class=\"wp-block-heading has-text-align-center has-pale-cyan-blue-color has-text-color\">Cr\u00e9neaux d&rsquo;entra\u00eenement &#8211; Loisirs <strong>Initiation<\/strong> St-Germain<\/h2>\n\n\n\n<div class=\"wp-block-media-text alignwide has-media-on-the-right is-stacked-on-mobile\"><div class=\"wp-block-media-text__content\">\n<h2 class=\"wp-block-heading has-text-align-center\">Mercredi : 20H30 &#8211; 22H30<\/h2>\n\n\n\n<p class=\"has-text-align-center\">Gymnase de la Colline<br><a href=\"https:\/\/www.google.com\/maps\/place\/Gymnase+de+la+Colline+(COSOM)\/@48.8925088,2.0670618,15z\/data=!4m2!3m1!1s0x0:0xeaefd7729400e3af?sa=X&amp;ved=2ahUKEwiNrM2UpPGBAxUUVqQEHV4ZD4AQ_BJ6BAg8EAA&amp;ved=2ahUKEwiNrM2UpPGBAxUUVqQEHV4ZD4AQ_BJ6BAhMEAg\" target=\"_blank\" rel=\"noopener\" title=\"Bd Franz Liszt, Saint-Germain-en-Laye\">Bd Franz Liszt, Saint-Germain-en-Laye<\/a><\/p>\n<\/div><figure class=\"wp-block-media-text__media\"><img decoding=\"async\" width=\"1024\" height=\"768\" src=\"http:\/\/vsgvb.fr\/wp-content\/uploads\/2023\/10\/thumbnail_IMG-5676-1024x768.jpg\" alt=\"\" class=\"wp-image-436 size-full\" srcset=\"https:\/\/vsgvb.fr\/wp-content\/uploads\/2023\/10\/thumbnail_IMG-5676-1024x768.jpg 1024w, https:\/\/vsgvb.fr\/wp-content\/uploads\/2023\/10\/thumbnail_IMG-5676-300x225.jpg 300w, https:\/\/vsgvb.fr\/wp-content\/uploads\/2023\/10\/thumbnail_IMG-5676-768x576.jpg 768w, https:\/\/vsgvb.fr\/wp-content\/uploads\/2023\/10\/thumbnail_IMG-5676-1536x1152.jpg 1536w, https:\/\/vsgvb.fr\/wp-content\/uploads\/2023\/10\/thumbnail_IMG-5676.jpg 1920w\" sizes=\"(max-width: 1024px) 100vw, 1024px\" \/><\/figure><\/div>\n\n\n\n<div style=\"height:70px\" aria-hidden=\"true\" class=\"wp-block-spacer\"><\/div>\n\n\n\n<h2 class=\"wp-block-heading has-text-align-center has-pale-cyan-blue-color has-text-color\">Cr\u00e9neaux d&rsquo;entra\u00eenement &#8211; Loisirs <strong>Initiation<\/strong> Noisy<\/h2>\n\n\n\n<div class=\"wp-block-columns alignwide is-layout-flex wp-container-core-columns-is-layout-8a2eb100 wp-block-columns-is-layout-flex\" style=\"padding-top:var(--wp--preset--spacing--30);padding-right:0;padding-bottom:var(--wp--preset--spacing--30);padding-left:0\">\n<div class=\"wp-block-column is-layout-flow wp-block-column-is-layout-flow\" style=\"flex-basis:50%\">\n<div class=\"wp-block-columns is-layout-flex wp-container-core-columns-is-layout-28f84493 wp-block-columns-is-layout-flex\">\n<div class=\"wp-block-column is-layout-flow wp-block-column-is-layout-flow\">\n<figure class=\"wp-block-image size-large is-resized\"><img fetchpriority=\"high\" decoding=\"async\" width=\"1024\" height=\"551\" src=\"https:\/\/vsgvb.fr\/wp-content\/uploads\/2023\/12\/Copie-de-Copie-de-ANNONCE-DE-MATCH-1-1024x551.png\" alt=\"\" class=\"wp-image-584\" style=\"width:651px;height:auto\" srcset=\"https:\/\/vsgvb.fr\/wp-content\/uploads\/2023\/12\/Copie-de-Copie-de-ANNONCE-DE-MATCH-1-1024x551.png 1024w, https:\/\/vsgvb.fr\/wp-content\/uploads\/2023\/12\/Copie-de-Copie-de-ANNONCE-DE-MATCH-1-300x161.png 300w, https:\/\/vsgvb.fr\/wp-content\/uploads\/2023\/12\/Copie-de-Copie-de-ANNONCE-DE-MATCH-1-768x413.png 768w, https:\/\/vsgvb.fr\/wp-content\/uploads\/2023\/12\/Copie-de-Copie-de-ANNONCE-DE-MATCH-1.png 1080w\" sizes=\"(max-width: 1024px) 100vw, 1024px\" \/><\/figure>\n<\/div>\n<\/div>\n<\/div>\n\n\n\n<div class=\"wp-block-column is-vertically-aligned-center is-layout-flow wp-block-column-is-layout-flow\" style=\"flex-basis:50%\">\n<h2 class=\"wp-block-heading has-text-align-center\">Lundi : 21H00 &#8211; 23H00<\/h2>\n\n\n\n<p class=\"has-text-align-center\">Gymnase des Princes<br><a href=\"http:\/\/google.com\/maps\/place\/Gymnase+des+Lavandi\u00e8res\/@48.8963122,2.0728367,15z\/data=!4m15!1m8!3m7!1s0x47e6884eacd2ea8d:0x43d4e66ceae5aa79!2sGymnase+des+Lavandi\u00e8res!8m2!3d48.8962559!4d2.0730386!10e5!16s%2Fg%2F1pty4pc53!3m5!1s0x47e6884eacd2ea8d:0x43d4e66ceae5aa79!8m2!3d48.8962559!4d2.0730386!16s%2Fg%2F1pty4pc53?entry=ttu\" target=\"_blank\" rel=\"noopener\" title=\"13 rue des Lavandi\u00e8res, Saint-Germain-en-Laye\"><a href=\"https:\/\/www.google.fr\/maps\/place\/Gymnase+des+Princes\/@48.841358,2.0649784,17z\/data=!3m1!4b1!4m6!3m5!1s0x47e687b8a08fd2ed:0x9e38a89d3c204cac!8m2!3d48.841358!4d2.0675533!16s%2Fg%2F11c6tg_1ph?entry=ttu\" target=\"_blank\" rel=\"noopener\" title=\"Rue des Merlettes, Montesson\">All\u00e9e Ren\u00e9 Rambaud, 78590 Noisy-le-Roi<\/a><\/a><\/p>\n<\/div>\n<\/div>\n","protected":false},"excerpt":{"rendered":"<p>Les cr\u00e9neaux pr\u00e9sent\u00e9s ci-dessous ont \u00e9t\u00e9 actualis\u00e9s au titre de la saison 2025\/2026 \u00e0 venir. Cr\u00e9neaux d&rsquo;entra\u00eenement &#8211; Loisirs Comp\u00e9tition Lundi : 21H00 &#8211; 22H30Vendredi : 21H00 &#8211; 22H30 Gymnase des Lavandi\u00e8res13 rue des Lavandi\u00e8res, Saint-Germain-en-Laye Cr\u00e9neaux d&rsquo;entra\u00eenement &#8211; Loisirs Initiation St-Germain Mercredi : 20H30 &#8211; 22H30 Gymnase de la CollineBd Franz Liszt, Saint-Germain-en-Laye Cr\u00e9neaux &hellip;<\/p>\n<p class=\"read-more\"> <a class=\"\" href=\"https:\/\/vsgvb.fr\/?page_id=171\"> <span class=\"screen-reader-text\">Indoor &#8211; Loisirs<\/span> Lire la suite\u00a0\u00bb<\/a><\/p>\n","protected":false},"author":1,"featured_media":0,"parent":0,"menu_order":0,"comment_status":"closed","ping_status":"closed","template":"","meta":{"_monsterinsights_skip_tracking":false,"_monsterinsights_sitenote_active":false,"_monsterinsights_sitenote_note":"","_monsterinsights_sitenote_category":0,"site-sidebar-layout":"default","site-content-layout":"","ast-site-content-layout":"","site-content-style":"default","site-sidebar-style":"default","ast-global-header-display":"","ast-banner-title-visibility":"","ast-main-header-display":"","ast-hfb-above-header-display":"","ast-hfb-below-header-display":"","ast-hfb-mobile-header-display":"","site-post-title":"","ast-breadcrumbs-content":"","ast-featured-img":"","footer-sml-layout":"","theme-transparent-header-meta":"","adv-header-id-meta":"","stick-header-meta":"","header-above-stick-meta":"","header-main-stick-meta":"","header-below-stick-meta":"","astra-migrate-meta-layouts":"default","ast-page-background-enabled":"default","ast-page-background-meta":{"desktop":{"background-color":"var(--ast-global-color-4)","background-image":"","background-repeat":"repeat","background-position":"center center","background-size":"auto","background-attachment":"scroll","background-type":"","background-media":"","overlay-type":"","overlay-color":"","overlay-gradient":""},"tablet":{"background-color":"","background-image":"","background-repeat":"repeat","background-position":"center center","background-size":"auto","background-attachment":"scroll","background-type":"","background-media":"","overlay-type":"","overlay-color":"","overlay-gradient":""},"mobile":{"background-color":"","background-image":"","background-repeat":"repeat","background-position":"center center","background-size":"auto","background-attachment":"scroll","background-type":"","background-media":"","overlay-type":"","overlay-color":"","overlay-gradient":""}},"ast-content-background-meta":{"desktop":{"background-color":"var(--ast-global-color-5)","background-image":"","background-repeat":"repeat","background-position":"center center","background-size":"auto","background-attachment":"scroll","background-type":"","background-media":"","overlay-type":"","overlay-color":"","overlay-gradient":""},"tablet":{"background-color":"var(--ast-global-color-5)","background-image":"","background-repeat":"repeat","background-position":"center center","background-size":"auto","background-attachment":"scroll","background-type":"","background-media":"","overlay-type":"","overlay-color":"","overlay-gradient":""},"mobile":{"background-color":"var(--ast-global-color-5)","background-image":"","background-repeat":"repeat","background-position":"center center","background-size":"auto","background-attachment":"scroll","background-type":"","background-media":"","overlay-type":"","overlay-color":"","overlay-gradient":""}},"footnotes":""},"class_list":["post-171","page","type-page","status-publish","hentry"],"aioseo_notices":[],"_links":{"self":[{"href":"https:\/\/vsgvb.fr\/index.php?rest_route=\/wp\/v2\/pages\/171","targetHints":{"allow":["GET"]}}],"collection":[{"href":"https:\/\/vsgvb.fr\/index.php?rest_route=\/wp\/v2\/pages"}],"about":[{"href":"https:\/\/vsgvb.fr\/index.php?rest_route=\/wp\/v2\/types\/page"}],"author":[{"embeddable":true,"href":"https:\/\/vsgvb.fr\/index.php?rest_route=\/wp\/v2\/users\/1"}],"replies":[{"embeddable":true,"href":"https:\/\/vsgvb.fr\/index.php?rest_route=%2Fwp%2Fv2%2Fcomments&post=171"}],"version-history":[{"count":24,"href":"https:\/\/vsgvb.fr\/index.php?rest_route=\/wp\/v2\/pages\/171\/revisions"}],"predecessor-version":[{"id":1515,"href":"https:\/\/vsgvb.fr\/index.php?rest_route=\/wp\/v2\/pages\/171\/revisions\/1515"}],"wp:attachment":[{"href":"https:\/\/vsgvb.fr\/index.php?rest_route=%2Fwp%2Fv2%2Fmedia&parent=171"}],"curies":[{"name":"wp","href":"https:\/\/api.w.org\/{rel}","templated":true}]}}