{"id":165,"date":"2023-10-12T18:07:47","date_gmt":"2023-10-12T16:07:47","guid":{"rendered":"https:\/\/blairvacq.fr\/?page_id=165"},"modified":"2025-08-28T19:55:49","modified_gmt":"2025-08-28T17:55:49","slug":"indoor-jeunes-feminine","status":"publish","type":"page","link":"https:\/\/vsgvb.fr\/?page_id=165","title":{"rendered":"Indoor &#8211; Jeunes &#8211; F\u00e9minine"},"content":{"rendered":"\n<p class=\"has-text-align-center has-vivid-green-cyan-background-color has-background has-medium-font-size\"><strong>Les cr\u00e9neaux pr\u00e9sent\u00e9s ci-dessous ont \u00e9t\u00e9 actualis\u00e9s au titre de la saison 2025\/2026 \u00e0 venir.<\/strong><\/p>\n\n\n\n<h2 class=\"wp-block-heading has-text-align-center has-pale-cyan-blue-color has-text-color\">Cr\u00e9neaux d&rsquo;entra\u00eenement &#8211; <strong>M18 F1<\/strong><\/h2>\n\n\n\n<div class=\"wp-block-media-text alignwide has-media-on-the-right is-stacked-on-mobile\"><div class=\"wp-block-media-text__content\">\n<h2 class=\"wp-block-heading has-text-align-center\">Mardi : 18H45 &#8211; 20H30<br>Vendredi : 18H30 &#8211; 20H30<\/h2>\n\n\n\n<p class=\"has-text-align-center\">Gymnase Delacroix &#8211; Stade des Merlettes<br><a href=\"https:\/\/www.google.com\/maps\/place\/Gymnase+Les+Merlettes\/@48.9072494,2.1243614,15z\/data=!4m2!3m1!1s0x0:0x20f5085210cc139d?sa=X&amp;ved=2ahUKEwilj_nKo_GBAxW7TaQEHZ-aBNMQ_BJ6BAhCEAA&amp;ved=2ahUKEwilj_nKo_GBAxW7TaQEHZ-aBNMQ_BJ6BAhREAg\" target=\"_blank\" rel=\"noopener\" title=\"Rue des Merlettes, Montesson\">Rue des Merlettes, Montesson<\/a><\/p>\n<\/div><figure class=\"wp-block-media-text__media\"><img fetchpriority=\"high\" decoding=\"async\" width=\"1024\" height=\"711\" src=\"https:\/\/vsgvb.fr\/wp-content\/uploads\/2024\/12\/M18-Luc-1-1024x711.jpeg\" alt=\"\" class=\"wp-image-990 size-full\" srcset=\"https:\/\/vsgvb.fr\/wp-content\/uploads\/2024\/12\/M18-Luc-1-1024x711.jpeg 1024w, https:\/\/vsgvb.fr\/wp-content\/uploads\/2024\/12\/M18-Luc-1-300x208.jpeg 300w, https:\/\/vsgvb.fr\/wp-content\/uploads\/2024\/12\/M18-Luc-1-768x533.jpeg 768w, https:\/\/vsgvb.fr\/wp-content\/uploads\/2024\/12\/M18-Luc-1-1536x1066.jpeg 1536w, https:\/\/vsgvb.fr\/wp-content\/uploads\/2024\/12\/M18-Luc-1.jpeg 1871w\" sizes=\"(max-width: 1024px) 100vw, 1024px\" \/><\/figure><\/div>\n\n\n\n<p><\/p>\n\n\n\n<h2 class=\"wp-block-heading has-text-align-center has-pale-cyan-blue-color has-text-color\">Cr\u00e9neaux d&rsquo;entra\u00eenement &#8211; <strong>M18 F<\/strong>2<\/h2>\n\n\n\n<div class=\"wp-block-media-text alignwide has-media-on-the-right is-stacked-on-mobile\"><div class=\"wp-block-media-text__content\">\n<h2 class=\"wp-block-heading has-text-align-center\">Lundi : 19H30 &#8211; 21H00<\/h2>\n\n\n\n<p class=\"has-text-align-center\">Gymnase des Lavandi\u00e8res <br><a href=\"http:\/\/google.com\/maps\/place\/Gymnase+des+Lavandi\u00e8res\/@48.8963122,2.0728367,15z\/data=!4m15!1m8!3m7!1s0x47e6884eacd2ea8d:0x43d4e66ceae5aa79!2sGymnase+des+Lavandi\u00e8res!8m2!3d48.8962559!4d2.0730386!10e5!16s%2Fg%2F1pty4pc53!3m5!1s0x47e6884eacd2ea8d:0x43d4e66ceae5aa79!8m2!3d48.8962559!4d2.0730386!16s%2Fg%2F1pty4pc53?entry=ttu\" target=\"_blank\" rel=\"noopener\" title=\"13 rue des Lavandi\u00e8res, Saint-Germain-en-Laye\">13 rue des Lavandi\u00e8res, Saint-Germain-en-Laye<\/a><\/p>\n\n\n\n<h2 class=\"wp-block-heading has-text-align-center\">Mercredi : 18H30 &#8211; 20H30<\/h2>\n\n\n\n<p class=\"has-text-align-center\">Gymnase de la Colline<br><a href=\"https:\/\/www.google.com\/maps\/place\/Gymnase+de+la+Colline+(COSOM)\/@48.8925088,2.0670618,15z\/data=!4m2!3m1!1s0x0:0xeaefd7729400e3af?sa=X&amp;ved=2ahUKEwiNrM2UpPGBAxUUVqQEHV4ZD4AQ_BJ6BAg8EAA&amp;ved=2ahUKEwiNrM2UpPGBAxUUVqQEHV4ZD4AQ_BJ6BAhMEAg\" target=\"_blank\" rel=\"noopener\" title=\"Bd Franz Liszt, Saint-Germain-en-Laye\">Bd Franz Liszt, Saint-Germain-en-Laye<\/a><\/p>\n<\/div><figure class=\"wp-block-media-text__media\"><img decoding=\"async\" width=\"1024\" height=\"575\" src=\"https:\/\/vsgvb.fr\/wp-content\/uploads\/2024\/12\/M18-Lauriana-1-1024x575.jpeg\" alt=\"\" class=\"wp-image-991 size-full\" srcset=\"https:\/\/vsgvb.fr\/wp-content\/uploads\/2024\/12\/M18-Lauriana-1-1024x575.jpeg 1024w, https:\/\/vsgvb.fr\/wp-content\/uploads\/2024\/12\/M18-Lauriana-1-300x169.jpeg 300w, https:\/\/vsgvb.fr\/wp-content\/uploads\/2024\/12\/M18-Lauriana-1-768x431.jpeg 768w, https:\/\/vsgvb.fr\/wp-content\/uploads\/2024\/12\/M18-Lauriana-1-1536x863.jpeg 1536w, https:\/\/vsgvb.fr\/wp-content\/uploads\/2024\/12\/M18-Lauriana-1.jpeg 1892w\" sizes=\"(max-width: 1024px) 100vw, 1024px\" \/><\/figure><\/div>\n\n\n\n<p><\/p>\n\n\n\n<h2 class=\"wp-block-heading has-text-align-center has-pale-cyan-blue-color has-text-color\">Cr\u00e9neaux d&rsquo;entra\u00eenement &#8211; <strong>M18 F<\/strong>3<\/h2>\n\n\n\n<div class=\"wp-block-media-text alignwide is-stacked-on-mobile\"><figure class=\"wp-block-media-text__media\"><img decoding=\"async\" width=\"1024\" height=\"768\" src=\"https:\/\/vsgvb.fr\/wp-content\/uploads\/2023\/12\/M18-F2-1-1024x768.jpg\" alt=\"\" class=\"wp-image-593 size-full\" srcset=\"https:\/\/vsgvb.fr\/wp-content\/uploads\/2023\/12\/M18-F2-1-1024x768.jpg 1024w, https:\/\/vsgvb.fr\/wp-content\/uploads\/2023\/12\/M18-F2-1-300x225.jpg 300w, https:\/\/vsgvb.fr\/wp-content\/uploads\/2023\/12\/M18-F2-1-768x576.jpg 768w, https:\/\/vsgvb.fr\/wp-content\/uploads\/2023\/12\/M18-F2-1-1536x1152.jpg 1536w, https:\/\/vsgvb.fr\/wp-content\/uploads\/2023\/12\/M18-F2-1-2048x1536.jpg 2048w\" sizes=\"(max-width: 1024px) 100vw, 1024px\" \/><\/figure><div class=\"wp-block-media-text__content\">\n<h2 class=\"wp-block-heading has-text-align-center\">Mercredi : 18H30 &#8211; 20H30<\/h2>\n\n\n\n<p class=\"has-text-align-center\">Gymnase Delacroix &#8211; Stade des Merlettes<br><a href=\"https:\/\/www.google.com\/maps\/place\/Gymnase+Les+Merlettes\/@48.9072494,2.1243614,15z\/data=!4m2!3m1!1s0x0:0x20f5085210cc139d?sa=X&amp;ved=2ahUKEwilj_nKo_GBAxW7TaQEHZ-aBNMQ_BJ6BAhCEAA&amp;ved=2ahUKEwilj_nKo_GBAxW7TaQEHZ-aBNMQ_BJ6BAhREAg\" target=\"_blank\" rel=\"noopener\" title=\"Rue des Merlettes, Montesson\">Rue des Merlettes, Montesson<\/a><\/p>\n\n\n\n<h2 class=\"wp-block-heading has-text-align-center\">Jeudi : 18H15 &#8211; 20H15<\/h2>\n\n\n\n<p class=\"has-text-align-center\">Gymnase des Sabli\u00e8res  &#8211; Stade Omnisports de Croissy-sur-Seine<br><a href=\"https:\/\/www.bing.com\/search?q=complexe+sportif+xhemin+de+ronde&amp;form=ANNTH1&amp;refig=53dbdd4f541a49929107d4657b39d9da&amp;pc=ASTS\" target=\"_blank\" rel=\"noopener\" title=\"Complexe Sportif Chemin de Ronde, Croissy\">Complexe Sportif Chemin de Ronde, Croissy<\/a><\/p>\n<\/div><\/div>\n\n\n\n<div style=\"height:70px\" aria-hidden=\"true\" class=\"wp-block-spacer\"><\/div>\n\n\n\n<h2 class=\"wp-block-heading has-text-align-center has-pale-cyan-blue-color has-text-color\">Cr\u00e9neaux d&rsquo;entra\u00eenement &#8211; <strong>M15 F<\/strong>1<\/h2>\n\n\n\n<div class=\"wp-block-media-text alignwide has-media-on-the-right is-stacked-on-mobile\" style=\"grid-template-columns:auto 56%\"><div class=\"wp-block-media-text__content\">\n<h2 class=\"wp-block-heading has-text-align-center\">Mercredi : 18H30 &#8211; 20H30<br>Vendredi : 18H30 &#8211; 20H30<\/h2>\n\n\n\n<p class=\"has-text-align-center\">Gymnase Mac Nair &#8211; Stade des Merlettes<br><a href=\"https:\/\/www.google.com\/maps\/place\/Gymnase+Les+Merlettes\/@48.9072494,2.1243614,15z\/data=!4m2!3m1!1s0x0:0x20f5085210cc139d?sa=X&amp;ved=2ahUKEwilj_nKo_GBAxW7TaQEHZ-aBNMQ_BJ6BAhCEAA&amp;ved=2ahUKEwilj_nKo_GBAxW7TaQEHZ-aBNMQ_BJ6BAhREAg\" target=\"_blank\" rel=\"noopener\" title=\"Rue des Merlettes, Montesson\">Rue des Merlettes, Montesson<\/a><\/p>\n<\/div><figure class=\"wp-block-media-text__media\"><img loading=\"lazy\" decoding=\"async\" width=\"1024\" height=\"811\" src=\"https:\/\/vsgvb.fr\/wp-content\/uploads\/2024\/12\/M15-F-1-1024x811.jpeg\" alt=\"\" class=\"wp-image-993 size-full\" srcset=\"https:\/\/vsgvb.fr\/wp-content\/uploads\/2024\/12\/M15-F-1-1024x811.jpeg 1024w, https:\/\/vsgvb.fr\/wp-content\/uploads\/2024\/12\/M15-F-1-300x238.jpeg 300w, https:\/\/vsgvb.fr\/wp-content\/uploads\/2024\/12\/M15-F-1-768x608.jpeg 768w, https:\/\/vsgvb.fr\/wp-content\/uploads\/2024\/12\/M15-F-1.jpeg 1298w\" sizes=\"(max-width: 1024px) 100vw, 1024px\" \/><\/figure><\/div>\n\n\n\n<p><\/p>\n\n\n\n<h2 class=\"wp-block-heading has-text-align-center has-pale-cyan-blue-color has-text-color\">Cr\u00e9neaux d&rsquo;entra\u00eenement &#8211; <strong>M15 F<\/strong>2<\/h2>\n\n\n\n<div class=\"wp-block-media-text alignwide is-stacked-on-mobile\" style=\"grid-template-columns:56% auto\"><figure class=\"wp-block-media-text__media\"><img loading=\"lazy\" decoding=\"async\" width=\"1024\" height=\"768\" src=\"https:\/\/vsgvb.fr\/wp-content\/uploads\/2024\/12\/M15-Yanis-1024x768.jpeg\" alt=\"\" class=\"wp-image-972 size-full\" srcset=\"https:\/\/vsgvb.fr\/wp-content\/uploads\/2024\/12\/M15-Yanis-1024x768.jpeg 1024w, https:\/\/vsgvb.fr\/wp-content\/uploads\/2024\/12\/M15-Yanis-300x225.jpeg 300w, https:\/\/vsgvb.fr\/wp-content\/uploads\/2024\/12\/M15-Yanis-768x576.jpeg 768w, https:\/\/vsgvb.fr\/wp-content\/uploads\/2024\/12\/M15-Yanis-1536x1152.jpeg 1536w, https:\/\/vsgvb.fr\/wp-content\/uploads\/2024\/12\/M15-Yanis.jpeg 2048w\" sizes=\"(max-width: 1024px) 100vw, 1024px\" \/><\/figure><div class=\"wp-block-media-text__content\">\n<h2 class=\"wp-block-heading has-text-align-center\">Mardi : 18H45 &#8211; 20H30<br>Mercredi : 18H30 &#8211; 20H30<\/h2>\n\n\n\n<p class=\"has-text-align-center\">Gymnase Delacroix &#8211; Stade des Merlettes<br><a href=\"https:\/\/www.google.com\/maps\/place\/Gymnase+Les+Merlettes\/@48.9072494,2.1243614,15z\/data=!4m2!3m1!1s0x0:0x20f5085210cc139d?sa=X&amp;ved=2ahUKEwilj_nKo_GBAxW7TaQEHZ-aBNMQ_BJ6BAhCEAA&amp;ved=2ahUKEwilj_nKo_GBAxW7TaQEHZ-aBNMQ_BJ6BAhREAg\" target=\"_blank\" rel=\"noopener\" title=\"Rue des Merlettes, Montesson\">Rue des Merlettes, Montesson<\/a><\/p>\n<\/div><\/div>\n\n\n\n<div style=\"height:70px\" aria-hidden=\"true\" class=\"wp-block-spacer\"><\/div>\n\n\n\n<h2 class=\"wp-block-heading has-text-align-center has-pale-cyan-blue-color has-text-color\">Cr\u00e9neaux d&rsquo;entra\u00eenement &#8211; <strong>M13 F<\/strong><\/h2>\n\n\n\n<div class=\"wp-block-media-text alignwide has-media-on-the-right is-stacked-on-mobile\" style=\"grid-template-columns:auto 57%\"><div class=\"wp-block-media-text__content\">\n<h2 class=\"wp-block-heading has-text-align-center\">Mardi : 18H30 &#8211; 20H30<br>Vendredi : 18H30 &#8211; 20H30<\/h2>\n\n\n\n<p class=\"has-text-align-center\">Gymnase Delacroix &#8211; Stade des Merlettes<br><a href=\"https:\/\/www.google.com\/maps\/place\/Gymnase+Les+Merlettes\/@48.9072494,2.1243614,15z\/data=!4m2!3m1!1s0x0:0x20f5085210cc139d?sa=X&amp;ved=2ahUKEwilj_nKo_GBAxW7TaQEHZ-aBNMQ_BJ6BAhCEAA&amp;ved=2ahUKEwilj_nKo_GBAxW7TaQEHZ-aBNMQ_BJ6BAhREAg\" target=\"_blank\" rel=\"noopener\" title=\"Rue des Merlettes, Montesson\">Rue des Merlettes, Montesson<\/a><\/p>\n<\/div><figure class=\"wp-block-media-text__media\"><img loading=\"lazy\" decoding=\"async\" width=\"1024\" height=\"768\" src=\"https:\/\/vsgvb.fr\/wp-content\/uploads\/2024\/12\/M13-F-1024x768.jpeg\" alt=\"\" class=\"wp-image-973 size-full\" srcset=\"https:\/\/vsgvb.fr\/wp-content\/uploads\/2024\/12\/M13-F-1024x768.jpeg 1024w, https:\/\/vsgvb.fr\/wp-content\/uploads\/2024\/12\/M13-F-300x225.jpeg 300w, https:\/\/vsgvb.fr\/wp-content\/uploads\/2024\/12\/M13-F-768x576.jpeg 768w, https:\/\/vsgvb.fr\/wp-content\/uploads\/2024\/12\/M13-F-1536x1152.jpeg 1536w, https:\/\/vsgvb.fr\/wp-content\/uploads\/2024\/12\/M13-F.jpeg 1600w\" sizes=\"(max-width: 1024px) 100vw, 1024px\" \/><\/figure><\/div>\n","protected":false},"excerpt":{"rendered":"<p>Les cr\u00e9neaux pr\u00e9sent\u00e9s ci-dessous ont \u00e9t\u00e9 actualis\u00e9s au titre de la saison 2025\/2026 \u00e0 venir. Cr\u00e9neaux d&rsquo;entra\u00eenement &#8211; M18 F1 Mardi : 18H45 &#8211; 20H30Vendredi : 18H30 &#8211; 20H30 Gymnase Delacroix &#8211; Stade des MerlettesRue des Merlettes, Montesson Cr\u00e9neaux d&rsquo;entra\u00eenement &#8211; M18 F2 Lundi : 19H30 &#8211; 21H00 Gymnase des Lavandi\u00e8res 13 rue des Lavandi\u00e8res, &hellip;<\/p>\n<p class=\"read-more\"> <a class=\"\" href=\"https:\/\/vsgvb.fr\/?page_id=165\"> <span class=\"screen-reader-text\">Indoor &#8211; Jeunes &#8211; F\u00e9minine<\/span> Lire la suite\u00a0\u00bb<\/a><\/p>\n","protected":false},"author":1,"featured_media":0,"parent":0,"menu_order":0,"comment_status":"closed","ping_status":"closed","template":"","meta":{"_monsterinsights_skip_tracking":false,"_monsterinsights_sitenote_active":false,"_monsterinsights_sitenote_note":"","_monsterinsights_sitenote_category":0,"site-sidebar-layout":"default","site-content-layout":"","ast-site-content-layout":"","site-content-style":"default","site-sidebar-style":"default","ast-global-header-display":"","ast-banner-title-visibility":"","ast-main-header-display":"","ast-hfb-above-header-display":"","ast-hfb-below-header-display":"","ast-hfb-mobile-header-display":"","site-post-title":"","ast-breadcrumbs-content":"","ast-featured-img":"","footer-sml-layout":"","theme-transparent-header-meta":"","adv-header-id-meta":"","stick-header-meta":"","header-above-stick-meta":"","header-main-stick-meta":"","header-below-stick-meta":"","astra-migrate-meta-layouts":"default","ast-page-background-enabled":"default","ast-page-background-meta":{"desktop":{"background-color":"var(--ast-global-color-4)","background-image":"","background-repeat":"repeat","background-position":"center center","background-size":"auto","background-attachment":"scroll","background-type":"","background-media":"","overlay-type":"","overlay-color":"","overlay-gradient":""},"tablet":{"background-color":"","background-image":"","background-repeat":"repeat","background-position":"center center","background-size":"auto","background-attachment":"scroll","background-type":"","background-media":"","overlay-type":"","overlay-color":"","overlay-gradient":""},"mobile":{"background-color":"","background-image":"","background-repeat":"repeat","background-position":"center center","background-size":"auto","background-attachment":"scroll","background-type":"","background-media":"","overlay-type":"","overlay-color":"","overlay-gradient":""}},"ast-content-background-meta":{"desktop":{"background-color":"var(--ast-global-color-5)","background-image":"","background-repeat":"repeat","background-position":"center center","background-size":"auto","background-attachment":"scroll","background-type":"","background-media":"","overlay-type":"","overlay-color":"","overlay-gradient":""},"tablet":{"background-color":"var(--ast-global-color-5)","background-image":"","background-repeat":"repeat","background-position":"center center","background-size":"auto","background-attachment":"scroll","background-type":"","background-media":"","overlay-type":"","overlay-color":"","overlay-gradient":""},"mobile":{"background-color":"var(--ast-global-color-5)","background-image":"","background-repeat":"repeat","background-position":"center center","background-size":"auto","background-attachment":"scroll","background-type":"","background-media":"","overlay-type":"","overlay-color":"","overlay-gradient":""}},"footnotes":""},"class_list":["post-165","page","type-page","status-publish","hentry"],"aioseo_notices":[],"_links":{"self":[{"href":"https:\/\/vsgvb.fr\/index.php?rest_route=\/wp\/v2\/pages\/165","targetHints":{"allow":["GET"]}}],"collection":[{"href":"https:\/\/vsgvb.fr\/index.php?rest_route=\/wp\/v2\/pages"}],"about":[{"href":"https:\/\/vsgvb.fr\/index.php?rest_route=\/wp\/v2\/types\/page"}],"author":[{"embeddable":true,"href":"https:\/\/vsgvb.fr\/index.php?rest_route=\/wp\/v2\/users\/1"}],"replies":[{"embeddable":true,"href":"https:\/\/vsgvb.fr\/index.php?rest_route=%2Fwp%2Fv2%2Fcomments&post=165"}],"version-history":[{"count":34,"href":"https:\/\/vsgvb.fr\/index.php?rest_route=\/wp\/v2\/pages\/165\/revisions"}],"predecessor-version":[{"id":1558,"href":"https:\/\/vsgvb.fr\/index.php?rest_route=\/wp\/v2\/pages\/165\/revisions\/1558"}],"wp:attachment":[{"href":"https:\/\/vsgvb.fr\/index.php?rest_route=%2Fwp%2Fv2%2Fmedia&parent=165"}],"curies":[{"name":"wp","href":"https:\/\/api.w.org\/{rel}","templated":true}]}}