{"id":158,"date":"2023-10-12T18:01:03","date_gmt":"2023-10-12T16:01:03","guid":{"rendered":"https:\/\/blairvacq.fr\/?page_id=158"},"modified":"2025-08-22T11:12:50","modified_gmt":"2025-08-22T09:12:50","slug":"indoor-jeunes-masculine","status":"publish","type":"page","link":"https:\/\/vsgvb.fr\/?page_id=158","title":{"rendered":"Indoor &#8211; Jeunes &#8211; Masculin"},"content":{"rendered":"\n<p class=\"has-text-align-center has-vivid-green-cyan-background-color has-background has-medium-font-size\"><strong><strong>Les cr\u00e9neaux pr\u00e9sent\u00e9s ci-dessous ont \u00e9t\u00e9 actualis\u00e9s au titre de la saison 2025\/2026 \u00e0 venir.<\/strong><\/strong><\/p>\n\n\n\n<h2 class=\"wp-block-heading has-text-align-center has-pale-cyan-blue-color has-text-color\">Cr\u00e9neaux d&rsquo;entra\u00eenement &#8211; <strong>M<\/strong>21 M<\/h2>\n\n\n\n<div class=\"wp-block-media-text alignwide is-stacked-on-mobile\" style=\"grid-template-columns:44% auto\"><figure class=\"wp-block-media-text__media\"><img fetchpriority=\"high\" decoding=\"async\" width=\"1024\" height=\"691\" src=\"https:\/\/vsgvb.fr\/wp-content\/uploads\/2024\/12\/M18-Paulo-1-1024x691.jpeg\" alt=\"\" class=\"wp-image-997 size-full\" srcset=\"https:\/\/vsgvb.fr\/wp-content\/uploads\/2024\/12\/M18-Paulo-1-1024x691.jpeg 1024w, https:\/\/vsgvb.fr\/wp-content\/uploads\/2024\/12\/M18-Paulo-1-300x202.jpeg 300w, https:\/\/vsgvb.fr\/wp-content\/uploads\/2024\/12\/M18-Paulo-1-768x518.jpeg 768w, https:\/\/vsgvb.fr\/wp-content\/uploads\/2024\/12\/M18-Paulo-1-1536x1036.jpeg 1536w, https:\/\/vsgvb.fr\/wp-content\/uploads\/2024\/12\/M18-Paulo-1.jpeg 1720w\" sizes=\"(max-width: 1024px) 100vw, 1024px\" \/><\/figure><div class=\"wp-block-media-text__content\">\n<h2 class=\"wp-block-heading has-text-align-center\">Mercredi : 20H30 &#8211; 22H30<\/h2>\n\n\n\n<p class=\"has-text-align-center\">Gymnase Delacroix &#8211; Stade des Merlettes<br><a href=\"https:\/\/www.google.fr\/maps\/place\/Gymnase+Princesse\/@48.8841875,2.1269188,18z\/data=!3m1!5s0x47e662e969edda63:0x5f6e59f587eefc74!4m10!1m2!2m1!1sgymnase+princesse+le+vesinet!3m6!1s0x47e66382b7f08c67:0xc418c58d0f9c38e5!8m2!3d48.8841875!4d2.1288579!15sChxneW1uYXNlIHByaW5jZXNzZSBsZSB2ZXNpbmV0kgEDZ3lt4AEA!16s%2Fg%2F11hz_3vcqg?entry=ttu\" target=\"_blank\" rel=\"noopener\" title=\"\"><a href=\"https:\/\/www.google.com\/maps\/place\/Gymnase+Les+Merlettes\/@48.9072494,2.1243614,15z\/data=!4m2!3m1!1s0x0:0x20f5085210cc139d?sa=X&amp;ved=2ahUKEwilj_nKo_GBAxW7TaQEHZ-aBNMQ_BJ6BAhCEAA&amp;ved=2ahUKEwilj_nKo_GBAxW7TaQEHZ-aBNMQ_BJ6BAhREAg\" target=\"_blank\" rel=\"noopener\" title=\"Rue des Merlettes, Montesson\">Rue des Merlettes, Montesson<\/a><\/a><\/p>\n\n\n\n<h2 class=\"wp-block-heading has-text-align-center\">Jeudi : 20H15 &#8211; 22H30<\/h2>\n\n\n\n<p class=\"has-text-align-center\">Gymnase des Sabli\u00e8res &#8211; Stade Omnisports de Croissy-sur-Seine<br><a href=\"https:\/\/www.google.fr\/maps\/place\/Stade+Omnisports+du+Chemin+de+Ronde\/@48.8790887,2.1228118,17z\/data=!4m10!1m2!2m1!1sgymnase+des+sabli%C3%A8res+croissy!3m6!1s0x47e662952b2d3171:0x77ed9c78e43a2338!8m2!3d48.8790884!4d2.1259128!15sCh5neW1uYXNlIGRlcyBzYWJsacOocmVzIGNyb2lzc3mSAQ5zcG9ydHNfY29tcGxleOABAA!16s%2Fg%2F11c604lyx9?entry=ttu\" title=\"Chemin de Ronde, 78290 Croissy-sur-Seine\">Chemin de Ronde, 78290 Croissy-sur-Seine<\/a><\/p>\n<\/div><\/div>\n\n\n\n<div style=\"height:70px\" aria-hidden=\"true\" class=\"wp-block-spacer\"><\/div>\n\n\n\n<h2 class=\"wp-block-heading has-text-align-center has-pale-cyan-blue-color has-text-color\">Cr\u00e9neaux d&rsquo;entra\u00eenement &#8211; <strong>M18 <\/strong>M1<\/h2>\n\n\n\n<div class=\"wp-block-media-text alignwide has-media-on-the-right is-stacked-on-mobile\" style=\"grid-template-columns:auto 58%\"><div class=\"wp-block-media-text__content\">\n<h2 class=\"wp-block-heading has-text-align-center\">Mercredi : 18H30 &#8211; 20H30<br>Vendredi : 18H30 &#8211; 20H30<\/h2>\n\n\n\n<p class=\"has-text-align-center\">Gymnase Mac Nair &#8211; Stade des Merlettes<br><a href=\"https:\/\/www.google.com\/maps\/place\/Gymnase+Les+Merlettes\/@48.9072494,2.1243614,15z\/data=!4m2!3m1!1s0x0:0x20f5085210cc139d?sa=X&amp;ved=2ahUKEwilj_nKo_GBAxW7TaQEHZ-aBNMQ_BJ6BAhCEAA&amp;ved=2ahUKEwilj_nKo_GBAxW7TaQEHZ-aBNMQ_BJ6BAhREAg\" target=\"_blank\" rel=\"noopener\" title=\"Rue des Merlettes, Montesson\">Rue des Merlettes, Montesson<\/a><\/p>\n<\/div><figure class=\"wp-block-media-text__media\"><img decoding=\"async\" width=\"1024\" height=\"768\" src=\"https:\/\/vsgvb.fr\/wp-content\/uploads\/2024\/12\/M18-Pascal-1024x768.jpeg\" alt=\"\" class=\"wp-image-975 size-full\" srcset=\"https:\/\/vsgvb.fr\/wp-content\/uploads\/2024\/12\/M18-Pascal-1024x768.jpeg 1024w, https:\/\/vsgvb.fr\/wp-content\/uploads\/2024\/12\/M18-Pascal-300x225.jpeg 300w, https:\/\/vsgvb.fr\/wp-content\/uploads\/2024\/12\/M18-Pascal-768x576.jpeg 768w, https:\/\/vsgvb.fr\/wp-content\/uploads\/2024\/12\/M18-Pascal-1536x1152.jpeg 1536w, https:\/\/vsgvb.fr\/wp-content\/uploads\/2024\/12\/M18-Pascal.jpeg 2048w\" sizes=\"(max-width: 1024px) 100vw, 1024px\" \/><\/figure><\/div>\n\n\n\n<div style=\"height:70px\" aria-hidden=\"true\" class=\"wp-block-spacer\"><\/div>\n\n\n\n<h2 class=\"wp-block-heading has-text-align-center has-pale-cyan-blue-color has-text-color\">Cr\u00e9neaux d&rsquo;entra\u00eenement &#8211; <strong>M18 M<\/strong>2<\/h2>\n\n\n\n<div class=\"wp-block-media-text alignwide is-stacked-on-mobile\" style=\"grid-template-columns:57% auto\"><figure class=\"wp-block-media-text__media\"><img decoding=\"async\" width=\"1024\" height=\"819\" src=\"https:\/\/vsgvb.fr\/wp-content\/uploads\/2024\/12\/M18-Leila-1-1024x819.jpeg\" alt=\"\" class=\"wp-image-995 size-full\" srcset=\"https:\/\/vsgvb.fr\/wp-content\/uploads\/2024\/12\/M18-Leila-1-1024x819.jpeg 1024w, https:\/\/vsgvb.fr\/wp-content\/uploads\/2024\/12\/M18-Leila-1-300x240.jpeg 300w, https:\/\/vsgvb.fr\/wp-content\/uploads\/2024\/12\/M18-Leila-1-768x614.jpeg 768w, https:\/\/vsgvb.fr\/wp-content\/uploads\/2024\/12\/M18-Leila-1-1536x1229.jpeg 1536w, https:\/\/vsgvb.fr\/wp-content\/uploads\/2024\/12\/M18-Leila-1.jpeg 2048w\" sizes=\"(max-width: 1024px) 100vw, 1024px\" \/><\/figure><div class=\"wp-block-media-text__content\">\n<h2 class=\"wp-block-heading has-text-align-center\">Lundi : 19H30 &#8211; 21H00<\/h2>\n\n\n\n<p class=\"has-text-align-center\">Gymnase des Lavandi\u00e8res<br><a href=\"https:\/\/www.google.com\/maps\/place\/Gymnase+Les+Merlettes\/@48.9072494,2.1243614,15z\/data=!4m2!3m1!1s0x0:0x20f5085210cc139d?sa=X&amp;ved=2ahUKEwilj_nKo_GBAxW7TaQEHZ-aBNMQ_BJ6BAhCEAA&amp;ved=2ahUKEwilj_nKo_GBAxW7TaQEHZ-aBNMQ_BJ6BAhREAg\" target=\"_blank\" rel=\"noopener\" title=\"13 rue des Lavandi\u00e8res, Saint-Germain-en-Laye\">13 rue des Lavandi\u00e8res, Saint-Germain-en-Laye<\/a><\/p>\n\n\n\n<h2 class=\"wp-block-heading has-text-align-center\">Mercredi : 18H30 &#8211; 20H30<\/h2>\n\n\n\n<p class=\"has-text-align-center\">Gymnase de la Colline<br><a href=\"https:\/\/www.google.com\/maps\/place\/Gymnase+de+la+Colline+(COSOM)\/@48.8925088,2.0670618,15z\/data=!4m2!3m1!1s0x0:0xeaefd7729400e3af?sa=X&amp;ved=2ahUKEwiNrM2UpPGBAxUUVqQEHV4ZD4AQ_BJ6BAg8EAA&amp;ved=2ahUKEwiNrM2UpPGBAxUUVqQEHV4ZD4AQ_BJ6BAhMEAg\" target=\"_blank\" rel=\"noopener\" title=\"Bd Franz Liszt, Saint-Germain-en-Laye\">Bd Franz Liszt, Saint-Germain-en-Laye<\/a><\/p>\n<\/div><\/div>\n\n\n\n<div style=\"height:70px\" aria-hidden=\"true\" class=\"wp-block-spacer\"><\/div>\n\n\n\n<p><\/p>\n\n\n\n<h2 class=\"wp-block-heading has-text-align-center has-pale-cyan-blue-color has-text-color\">Cr\u00e9neaux d&rsquo;entra\u00eenement &#8211; <strong>M15 M<\/strong>1<\/h2>\n\n\n\n<div class=\"wp-block-media-text alignwide has-media-on-the-right is-stacked-on-mobile\" style=\"grid-template-columns:auto 56%\"><div class=\"wp-block-media-text__content\">\n<h2 class=\"wp-block-heading has-text-align-center\">Mercredi : 18H30 &#8211; 20H30<\/h2>\n\n\n\n<p class=\"has-text-align-center\">Gymnase Mac Nair &#8211; Stade des Merlettes<br><a href=\"https:\/\/www.google.com\/maps\/place\/Gymnase+Les+Merlettes\/@48.9072494,2.1243614,15z\/data=!4m2!3m1!1s0x0:0x20f5085210cc139d?sa=X&amp;ved=2ahUKEwilj_nKo_GBAxW7TaQEHZ-aBNMQ_BJ6BAhCEAA&amp;ved=2ahUKEwilj_nKo_GBAxW7TaQEHZ-aBNMQ_BJ6BAhREAg\" target=\"_blank\" rel=\"noopener\" title=\"Rue des Merlettes, Montesson\">Rue des Merlettes, Montesson<\/a><\/p>\n\n\n\n<h2 class=\"wp-block-heading has-text-align-center\">Vendredi : 18H30 &#8211; 20H30<\/h2>\n\n\n\n<p class=\"has-text-align-center\">Gymnase Delacroix &#8211; Stade des Merlettes<br><a href=\"https:\/\/www.google.com\/maps\/place\/Gymnase+Les+Merlettes\/@48.9072494,2.1243614,15z\/data=!4m2!3m1!1s0x0:0x20f5085210cc139d?sa=X&amp;ved=2ahUKEwilj_nKo_GBAxW7TaQEHZ-aBNMQ_BJ6BAhCEAA&amp;ved=2ahUKEwilj_nKo_GBAxW7TaQEHZ-aBNMQ_BJ6BAhREAg\" target=\"_blank\" rel=\"noopener\" title=\"Rue des Merlettes, Montesson\">Rue des Merlettes, Montesson<\/a><\/p>\n<\/div><figure class=\"wp-block-media-text__media\"><img loading=\"lazy\" decoding=\"async\" width=\"1024\" height=\"718\" src=\"https:\/\/vsgvb.fr\/wp-content\/uploads\/2024\/12\/M15-M-1-1024x718.jpeg\" alt=\"\" class=\"wp-image-998 size-full\" srcset=\"https:\/\/vsgvb.fr\/wp-content\/uploads\/2024\/12\/M15-M-1-1024x718.jpeg 1024w, https:\/\/vsgvb.fr\/wp-content\/uploads\/2024\/12\/M15-M-1-300x210.jpeg 300w, https:\/\/vsgvb.fr\/wp-content\/uploads\/2024\/12\/M15-M-1-768x538.jpeg 768w, https:\/\/vsgvb.fr\/wp-content\/uploads\/2024\/12\/M15-M-1-1536x1077.jpeg 1536w, https:\/\/vsgvb.fr\/wp-content\/uploads\/2024\/12\/M15-M-1.jpeg 1762w\" sizes=\"(max-width: 1024px) 100vw, 1024px\" \/><\/figure><\/div>\n\n\n\n<p><\/p>\n\n\n\n<h2 class=\"wp-block-heading has-text-align-center has-pale-cyan-blue-color has-text-color\">Cr\u00e9neaux d&rsquo;entra\u00eenement &#8211; <strong>M15 M<\/strong>2<\/h2>\n\n\n\n<div class=\"wp-block-media-text alignwide is-stacked-on-mobile\" style=\"grid-template-columns:56% auto\"><figure class=\"wp-block-media-text__media\"><img loading=\"lazy\" decoding=\"async\" width=\"1024\" height=\"768\" src=\"http:\/\/vsgvb.fr\/wp-content\/uploads\/2023\/10\/Photo-M15M-1024x768.jpg\" alt=\"\" class=\"wp-image-415 size-full\" srcset=\"https:\/\/vsgvb.fr\/wp-content\/uploads\/2023\/10\/Photo-M15M-1024x768.jpg 1024w, https:\/\/vsgvb.fr\/wp-content\/uploads\/2023\/10\/Photo-M15M-300x225.jpg 300w, https:\/\/vsgvb.fr\/wp-content\/uploads\/2023\/10\/Photo-M15M-768x576.jpg 768w, https:\/\/vsgvb.fr\/wp-content\/uploads\/2023\/10\/Photo-M15M-1536x1152.jpg 1536w, https:\/\/vsgvb.fr\/wp-content\/uploads\/2023\/10\/Photo-M15M.jpg 2048w\" sizes=\"(max-width: 1024px) 100vw, 1024px\" \/><\/figure><div class=\"wp-block-media-text__content\">\n<h2 class=\"wp-block-heading has-text-align-center\">Mercredi : 18H30 &#8211; 20H30<\/h2>\n\n\n\n<p class=\"has-text-align-center\">Gymnase Delacroix &#8211; Stade des Merlettes<br><a href=\"https:\/\/www.google.com\/maps\/place\/Gymnase+Les+Merlettes\/@48.9072494,2.1243614,15z\/data=!4m2!3m1!1s0x0:0x20f5085210cc139d?sa=X&amp;ved=2ahUKEwilj_nKo_GBAxW7TaQEHZ-aBNMQ_BJ6BAhCEAA&amp;ved=2ahUKEwilj_nKo_GBAxW7TaQEHZ-aBNMQ_BJ6BAhREAg\" target=\"_blank\" rel=\"noopener\" title=\"Rue des Merlettes, Montesson\">Rue des Merlettes, Montesson<\/a><\/p>\n<\/div><\/div>\n\n\n\n<p><\/p>\n\n\n\n<h2 class=\"wp-block-heading has-text-align-center has-pale-cyan-blue-color has-text-color\">Cr\u00e9neaux d&rsquo;entra\u00eenement &#8211; <strong>M13 M<\/strong><\/h2>\n\n\n\n<div class=\"wp-block-media-text alignwide has-media-on-the-right is-stacked-on-mobile\" style=\"grid-template-columns:auto 53%\"><div class=\"wp-block-media-text__content\">\n<h2 class=\"wp-block-heading has-text-align-center\">Mardi : 17H00 &#8211; 18H30<\/h2>\n\n\n\n<p class=\"has-text-align-center\">Gymnase Delacroix &#8211; Stade des Merlettes<br><a href=\"https:\/\/www.google.com\/maps\/place\/Gymnase+Les+Merlettes\/@48.9072494,2.1243614,15z\/data=!4m2!3m1!1s0x0:0x20f5085210cc139d?sa=X&amp;ved=2ahUKEwilj_nKo_GBAxW7TaQEHZ-aBNMQ_BJ6BAhCEAA&amp;ved=2ahUKEwilj_nKo_GBAxW7TaQEHZ-aBNMQ_BJ6BAhREAg\" target=\"_blank\" rel=\"noopener\" title=\"Rue des Merlettes, Montesson\">Rue des Merlettes, Montesson<\/a><\/p>\n\n\n\n<h2 class=\"wp-block-heading has-text-align-center\">Vendredi : 17H00 &#8211; 19H00<\/h2>\n\n\n\n<p class=\"has-text-align-center\">Gymnase Mac Nair &#8211; Stade des Merlettes<br><a href=\"https:\/\/www.google.com\/maps\/place\/Gymnase+Les+Merlettes\/@48.9072494,2.1243614,15z\/data=!4m2!3m1!1s0x0:0x20f5085210cc139d?sa=X&amp;ved=2ahUKEwilj_nKo_GBAxW7TaQEHZ-aBNMQ_BJ6BAhCEAA&amp;ved=2ahUKEwilj_nKo_GBAxW7TaQEHZ-aBNMQ_BJ6BAhREAg\" target=\"_blank\" rel=\"noopener\" title=\"Rue des Merlettes, Montesson\">Rue des Merlettes, Montesson<\/a><\/p>\n<\/div><figure class=\"wp-block-media-text__media\"><img loading=\"lazy\" decoding=\"async\" width=\"854\" height=\"772\" src=\"https:\/\/vsgvb.fr\/wp-content\/uploads\/2024\/12\/M13-M-1.jpeg\" alt=\"\" class=\"wp-image-999 size-full\" srcset=\"https:\/\/vsgvb.fr\/wp-content\/uploads\/2024\/12\/M13-M-1.jpeg 854w, https:\/\/vsgvb.fr\/wp-content\/uploads\/2024\/12\/M13-M-1-300x271.jpeg 300w, https:\/\/vsgvb.fr\/wp-content\/uploads\/2024\/12\/M13-M-1-768x694.jpeg 768w\" sizes=\"(max-width: 854px) 100vw, 854px\" \/><\/figure><\/div>\n","protected":false},"excerpt":{"rendered":"<p>Les cr\u00e9neaux pr\u00e9sent\u00e9s ci-dessous ont \u00e9t\u00e9 actualis\u00e9s au titre de la saison 2025\/2026 \u00e0 venir. Cr\u00e9neaux d&rsquo;entra\u00eenement &#8211; M21 M Mercredi : 20H30 &#8211; 22H30 Gymnase Delacroix &#8211; Stade des MerlettesRue des Merlettes, Montesson Jeudi : 20H15 &#8211; 22H30 Gymnase des Sabli\u00e8res &#8211; Stade Omnisports de Croissy-sur-SeineChemin de Ronde, 78290 Croissy-sur-Seine Cr\u00e9neaux d&rsquo;entra\u00eenement &#8211; M18 &hellip;<\/p>\n<p class=\"read-more\"> <a class=\"\" href=\"https:\/\/vsgvb.fr\/?page_id=158\"> <span class=\"screen-reader-text\">Indoor &#8211; Jeunes &#8211; Masculin<\/span> Lire la suite\u00a0\u00bb<\/a><\/p>\n","protected":false},"author":1,"featured_media":0,"parent":0,"menu_order":0,"comment_status":"closed","ping_status":"closed","template":"","meta":{"_monsterinsights_skip_tracking":false,"_monsterinsights_sitenote_active":false,"_monsterinsights_sitenote_note":"","_monsterinsights_sitenote_category":0,"site-sidebar-layout":"default","site-content-layout":"","ast-site-content-layout":"","site-content-style":"default","site-sidebar-style":"default","ast-global-header-display":"","ast-banner-title-visibility":"","ast-main-header-display":"","ast-hfb-above-header-display":"","ast-hfb-below-header-display":"","ast-hfb-mobile-header-display":"","site-post-title":"","ast-breadcrumbs-content":"","ast-featured-img":"","footer-sml-layout":"","theme-transparent-header-meta":"","adv-header-id-meta":"","stick-header-meta":"","header-above-stick-meta":"","header-main-stick-meta":"","header-below-stick-meta":"","astra-migrate-meta-layouts":"default","ast-page-background-enabled":"default","ast-page-background-meta":{"desktop":{"background-color":"var(--ast-global-color-4)","background-image":"","background-repeat":"repeat","background-position":"center center","background-size":"auto","background-attachment":"scroll","background-type":"","background-media":"","overlay-type":"","overlay-color":"","overlay-gradient":""},"tablet":{"background-color":"","background-image":"","background-repeat":"repeat","background-position":"center center","background-size":"auto","background-attachment":"scroll","background-type":"","background-media":"","overlay-type":"","overlay-color":"","overlay-gradient":""},"mobile":{"background-color":"","background-image":"","background-repeat":"repeat","background-position":"center center","background-size":"auto","background-attachment":"scroll","background-type":"","background-media":"","overlay-type":"","overlay-color":"","overlay-gradient":""}},"ast-content-background-meta":{"desktop":{"background-color":"var(--ast-global-color-5)","background-image":"","background-repeat":"repeat","background-position":"center center","background-size":"auto","background-attachment":"scroll","background-type":"","background-media":"","overlay-type":"","overlay-color":"","overlay-gradient":""},"tablet":{"background-color":"var(--ast-global-color-5)","background-image":"","background-repeat":"repeat","background-position":"center center","background-size":"auto","background-attachment":"scroll","background-type":"","background-media":"","overlay-type":"","overlay-color":"","overlay-gradient":""},"mobile":{"background-color":"var(--ast-global-color-5)","background-image":"","background-repeat":"repeat","background-position":"center center","background-size":"auto","background-attachment":"scroll","background-type":"","background-media":"","overlay-type":"","overlay-color":"","overlay-gradient":""}},"footnotes":""},"class_list":["post-158","page","type-page","status-publish","hentry"],"aioseo_notices":[],"_links":{"self":[{"href":"https:\/\/vsgvb.fr\/index.php?rest_route=\/wp\/v2\/pages\/158","targetHints":{"allow":["GET"]}}],"collection":[{"href":"https:\/\/vsgvb.fr\/index.php?rest_route=\/wp\/v2\/pages"}],"about":[{"href":"https:\/\/vsgvb.fr\/index.php?rest_route=\/wp\/v2\/types\/page"}],"author":[{"embeddable":true,"href":"https:\/\/vsgvb.fr\/index.php?rest_route=\/wp\/v2\/users\/1"}],"replies":[{"embeddable":true,"href":"https:\/\/vsgvb.fr\/index.php?rest_route=%2Fwp%2Fv2%2Fcomments&post=158"}],"version-history":[{"count":27,"href":"https:\/\/vsgvb.fr\/index.php?rest_route=\/wp\/v2\/pages\/158\/revisions"}],"predecessor-version":[{"id":1512,"href":"https:\/\/vsgvb.fr\/index.php?rest_route=\/wp\/v2\/pages\/158\/revisions\/1512"}],"wp:attachment":[{"href":"https:\/\/vsgvb.fr\/index.php?rest_route=%2Fwp%2Fv2%2Fmedia&parent=158"}],"curies":[{"name":"wp","href":"https:\/\/api.w.org\/{rel}","templated":true}]}}