{"id":149,"date":"2023-10-12T17:48:27","date_gmt":"2023-10-12T15:48:27","guid":{"rendered":"https:\/\/blairvacq.fr\/?page_id=149"},"modified":"2025-08-22T11:12:03","modified_gmt":"2025-08-22T09:12:03","slug":"indoor-seniors","status":"publish","type":"page","link":"https:\/\/vsgvb.fr\/?page_id=149","title":{"rendered":"Indoor &#8211; Seniors"},"content":{"rendered":"\n<p class=\"has-text-align-center has-vivid-green-cyan-background-color has-background has-medium-font-size\"><strong><strong><strong>Les cr\u00e9neaux pr\u00e9sent\u00e9s ci-dessous ont \u00e9t\u00e9 actualis\u00e9s au titre de la saison 2025\/2026 \u00e0 venir.<\/strong><\/strong><\/strong><\/p>\n\n\n\n<h2 class=\"wp-block-heading has-text-align-center has-pale-cyan-blue-color has-text-color\">Cr\u00e9neaux d&rsquo;entra\u00eenement &#8211; <strong>Nationale 3 Masculine<\/strong><\/h2>\n\n\n\n<div class=\"wp-block-media-text alignwide is-stacked-on-mobile\" style=\"grid-template-columns:55% auto\"><figure class=\"wp-block-media-text__media\"><img fetchpriority=\"high\" decoding=\"async\" width=\"878\" height=\"619\" src=\"https:\/\/vsgvb.fr\/wp-content\/uploads\/2024\/12\/SM1-2.jpg\" alt=\"\" class=\"wp-image-985 size-full\" srcset=\"https:\/\/vsgvb.fr\/wp-content\/uploads\/2024\/12\/SM1-2.jpg 878w, https:\/\/vsgvb.fr\/wp-content\/uploads\/2024\/12\/SM1-2-300x212.jpg 300w, https:\/\/vsgvb.fr\/wp-content\/uploads\/2024\/12\/SM1-2-768x541.jpg 768w\" sizes=\"(max-width: 878px) 100vw, 878px\" \/><\/figure><div class=\"wp-block-media-text__content\">\n<h2 class=\"wp-block-heading has-text-align-center\">Lundi : 20H00 &#8211; 22H30<\/h2>\n\n\n\n<p class=\"has-text-align-center\">Gymnase des Sabli\u00e8res &#8211; Stade Omnisports de Croissy-sur-Seine<br><a href=\"https:\/\/www.google.com\/maps\/place\/Gymnase+Les+Merlettes\/@48.9072494,2.1243614,15z\/data=!4m2!3m1!1s0x0:0x20f5085210cc139d?sa=X&amp;ved=2ahUKEwilj_nKo_GBAxW7TaQEHZ-aBNMQ_BJ6BAhCEAA&amp;ved=2ahUKEwilj_nKo_GBAxW7TaQEHZ-aBNMQ_BJ6BAhREAg\" target=\"_blank\" rel=\"noopener\" title=\"Rue des Merlettes, Montesson\"><a href=\"https:\/\/www.google.fr\/maps\/place\/Stade+Omnisports+du+Chemin+de+Ronde\/@48.8790887,2.1228118,17z\/data=!4m10!1m2!2m1!1sgymnase+des+sabli%C3%A8res+croissy!3m6!1s0x47e662952b2d3171:0x77ed9c78e43a2338!8m2!3d48.8790884!4d2.1259128!15sCh5neW1uYXNlIGRlcyBzYWJsacOocmVzIGNyb2lzc3mSAQ5zcG9ydHNfY29tcGxleOABAA!16s%2Fg%2F11c604lyx9?entry=ttu\" title=\"Chemin de Ronde, 78290 Croissy-sur-Seine\">Chemin de Ronde, 78290 Croissy-sur-Seine<\/a><\/a><\/p>\n\n\n\n<h2 class=\"wp-block-heading has-text-align-center\">Mardi : 20H30 &#8211; 22H30<\/h2>\n\n\n\n<p class=\"has-text-align-center\">Gymnase Delacroix &#8211; Stade des Merlettes<br><a href=\"https:\/\/www.google.com\/maps\/place\/Gymnase+Les+Merlettes\/@48.9072494,2.1243614,15z\/data=!4m2!3m1!1s0x0:0x20f5085210cc139d?sa=X&amp;ved=2ahUKEwilj_nKo_GBAxW7TaQEHZ-aBNMQ_BJ6BAhCEAA&amp;ved=2ahUKEwilj_nKo_GBAxW7TaQEHZ-aBNMQ_BJ6BAhREAg\" target=\"_blank\" rel=\"noopener\" title=\"Rue des Merlettes, Montesson\">Rue des Merlettes, Montesson<\/a><\/p>\n\n\n\n<h2 class=\"wp-block-heading has-text-align-center\">Vendredi : 20H30 &#8211; 22H30<\/h2>\n\n\n\n<p class=\"has-text-align-center\">Gymnase Mac Nair &#8211; Stade des Merlettes<br><a href=\"https:\/\/www.google.com\/maps\/place\/Gymnase+Les+Merlettes\/@48.9072494,2.1243614,15z\/data=!4m2!3m1!1s0x0:0x20f5085210cc139d?sa=X&amp;ved=2ahUKEwilj_nKo_GBAxW7TaQEHZ-aBNMQ_BJ6BAhCEAA&amp;ved=2ahUKEwilj_nKo_GBAxW7TaQEHZ-aBNMQ_BJ6BAhREAg\" target=\"_blank\" rel=\"noopener\" title=\"Rue des Merlettes, Montesson\">Rue des Merlettes, Montesson<\/a><\/p>\n<\/div><\/div>\n\n\n\n<div style=\"height:70px\" aria-hidden=\"true\" class=\"wp-block-spacer\"><\/div>\n\n\n\n<h2 class=\"wp-block-heading has-text-align-center has-pale-cyan-blue-color has-text-color\">Cr\u00e9neaux d&rsquo;entra\u00eenement &#8211; <strong>Nationale 3 F\u00e9minine<\/strong><\/h2>\n\n\n\n<div class=\"wp-block-media-text alignwide has-media-on-the-right is-stacked-on-mobile\" style=\"grid-template-columns:auto 52%\"><div class=\"wp-block-media-text__content\">\n<h2 class=\"wp-block-heading has-text-align-center\">Lundi : 20H30 &#8211; 22H30<\/h2>\n\n\n\n<p class=\"has-text-align-center\">Gymnase des Sabli\u00e8res &#8211; Stade Omnisports de Croissy-sur-Seine<br><a href=\"https:\/\/www.google.com\/maps\/place\/Gymnase+Les+Merlettes\/@48.9072494,2.1243614,15z\/data=!4m2!3m1!1s0x0:0x20f5085210cc139d?sa=X&amp;ved=2ahUKEwilj_nKo_GBAxW7TaQEHZ-aBNMQ_BJ6BAhCEAA&amp;ved=2ahUKEwilj_nKo_GBAxW7TaQEHZ-aBNMQ_BJ6BAhREAg\" target=\"_blank\" rel=\"noopener\" title=\"Rue des Merlettes, Montesson\"><\/a><a href=\"https:\/\/www.google.fr\/maps\/place\/Stade+Omnisports+du+Chemin+de+Ronde\/@48.8790887,2.1228118,17z\/data=!4m10!1m2!2m1!1sgymnase+des+sabli%C3%A8res+croissy!3m6!1s0x47e662952b2d3171:0x77ed9c78e43a2338!8m2!3d48.8790884!4d2.1259128!15sCh5neW1uYXNlIGRlcyBzYWJsacOocmVzIGNyb2lzc3mSAQ5zcG9ydHNfY29tcGxleOABAA!16s%2Fg%2F11c604lyx9?entry=ttu\" title=\"Chemin de Ronde, 78290 Croissy-sur-Seine\">Chemin de Ronde, 78290 Croissy-sur-Seine<\/a><\/p>\n\n\n\n<h2 class=\"wp-block-heading has-text-align-center\">Mardi : 20H30 &#8211; 22H30<\/h2>\n\n\n\n<p class=\"has-text-align-center\">Gymnase Delacroix &#8211; Stade des Merlettes<br><a href=\"https:\/\/www.google.com\/maps\/place\/Gymnase+Les+Merlettes\/@48.9072494,2.1243614,15z\/data=!4m2!3m1!1s0x0:0x20f5085210cc139d?sa=X&amp;ved=2ahUKEwilj_nKo_GBAxW7TaQEHZ-aBNMQ_BJ6BAhCEAA&amp;ved=2ahUKEwilj_nKo_GBAxW7TaQEHZ-aBNMQ_BJ6BAhREAg\" target=\"_blank\" rel=\"noopener\" title=\"Rue des Merlettes, Montesson\">Rue des Merlettes, Montesson<\/a><\/p>\n\n\n\n<h2 class=\"wp-block-heading has-text-align-center\">Jeudi : 20H30 &#8211; 22H30<\/h2>\n\n\n\n<p class=\"has-text-align-center\">Gymnase Mac Nair &#8211; Stade des Merlettes<br><a href=\"https:\/\/www.google.com\/maps\/place\/Gymnase+Les+Merlettes\/@48.9072494,2.1243614,15z\/data=!4m2!3m1!1s0x0:0x20f5085210cc139d?sa=X&amp;ved=2ahUKEwilj_nKo_GBAxW7TaQEHZ-aBNMQ_BJ6BAhCEAA&amp;ved=2ahUKEwilj_nKo_GBAxW7TaQEHZ-aBNMQ_BJ6BAhREAg\" target=\"_blank\" rel=\"noopener\" title=\"Rue des Merlettes, Montesson\">Rue des Merlettes, Montesson<\/a><\/p>\n<\/div><figure class=\"wp-block-media-text__media\"><img decoding=\"async\" width=\"1000\" height=\"950\" src=\"https:\/\/vsgvb.fr\/wp-content\/uploads\/2024\/12\/SF1.jpg\" alt=\"\" class=\"wp-image-986 size-full\" srcset=\"https:\/\/vsgvb.fr\/wp-content\/uploads\/2024\/12\/SF1.jpg 1000w, https:\/\/vsgvb.fr\/wp-content\/uploads\/2024\/12\/SF1-300x285.jpg 300w, https:\/\/vsgvb.fr\/wp-content\/uploads\/2024\/12\/SF1-768x730.jpg 768w\" sizes=\"(max-width: 1000px) 100vw, 1000px\" \/><\/figure><\/div>\n\n\n\n<div style=\"height:70px\" aria-hidden=\"true\" class=\"wp-block-spacer\"><\/div>\n\n\n\n<h2 class=\"wp-block-heading has-text-align-center has-pale-cyan-blue-color has-text-color\">Cr\u00e9neaux d&rsquo;entra\u00eenement &#8211; <strong>R\u00e9gionale M<\/strong>asculine<\/h2>\n\n\n\n<div class=\"wp-block-media-text alignwide is-stacked-on-mobile\"><figure class=\"wp-block-media-text__media\"><img decoding=\"async\" width=\"1024\" height=\"735\" src=\"https:\/\/vsgvb.fr\/wp-content\/uploads\/2024\/12\/SM2-1024x735.jpeg\" alt=\"\" class=\"wp-image-987 size-full\" srcset=\"https:\/\/vsgvb.fr\/wp-content\/uploads\/2024\/12\/SM2-1024x735.jpeg 1024w, https:\/\/vsgvb.fr\/wp-content\/uploads\/2024\/12\/SM2-300x215.jpeg 300w, https:\/\/vsgvb.fr\/wp-content\/uploads\/2024\/12\/SM2-768x551.jpeg 768w, https:\/\/vsgvb.fr\/wp-content\/uploads\/2024\/12\/SM2-1536x1102.jpeg 1536w, https:\/\/vsgvb.fr\/wp-content\/uploads\/2024\/12\/SM2.jpeg 2048w\" sizes=\"(max-width: 1024px) 100vw, 1024px\" \/><\/figure><div class=\"wp-block-media-text__content\">\n<h2 class=\"wp-block-heading has-text-align-center\">Mercredi : 20H30 &#8211; 22H30<\/h2>\n\n\n\n<p class=\"has-text-align-center\">Gymnase Mac Nair &#8211; Stade des Merlettes<br><a href=\"https:\/\/www.google.com\/maps\/place\/Gymnase+Les+Merlettes\/@48.9072494,2.1243614,15z\/data=!4m2!3m1!1s0x0:0x20f5085210cc139d?sa=X&amp;ved=2ahUKEwilj_nKo_GBAxW7TaQEHZ-aBNMQ_BJ6BAhCEAA&amp;ved=2ahUKEwilj_nKo_GBAxW7TaQEHZ-aBNMQ_BJ6BAhREAg\" target=\"_blank\" rel=\"noopener\" title=\"Rue des Merlettes, Montesson\">Rue des Merlettes, Montesson<\/a><\/p>\n\n\n\n<h2 class=\"wp-block-heading has-text-align-center\">Vendredi : 20H30 &#8211; 22H30<\/h2>\n\n\n\n<p class=\"has-text-align-center\">Gymnase Delacroix &#8211; Stade des Merlettes<br><a href=\"https:\/\/www.google.com\/maps\/place\/Gymnase+Les+Merlettes\/@48.9072494,2.1243614,15z\/data=!4m2!3m1!1s0x0:0x20f5085210cc139d?sa=X&amp;ved=2ahUKEwilj_nKo_GBAxW7TaQEHZ-aBNMQ_BJ6BAhCEAA&amp;ved=2ahUKEwilj_nKo_GBAxW7TaQEHZ-aBNMQ_BJ6BAhREAg\" target=\"_blank\" rel=\"noopener\" title=\"Rue des Merlettes, Montesson\">Rue des Merlettes, Montesson<\/a><\/p>\n<\/div><\/div>\n\n\n\n<div style=\"height:70px\" aria-hidden=\"true\" class=\"wp-block-spacer\"><\/div>\n\n\n\n<h2 class=\"wp-block-heading has-text-align-center has-pale-cyan-blue-color has-text-color\">Cr\u00e9neaux d&rsquo;entra\u00eenement &#8211; R\u00e9gionale F\u00e9minine<\/h2>\n\n\n\n<div class=\"wp-block-media-text alignwide has-media-on-the-right is-stacked-on-mobile\" style=\"grid-template-columns:auto 55%\"><div class=\"wp-block-media-text__content\">\n<h2 class=\"wp-block-heading has-text-align-center\">Mercredi : 20H30 &#8211; 22H30<br>Vendredi : 19H00 &#8211; 21H00<\/h2>\n\n\n\n<p class=\"has-text-align-center\">Gymnase Mac Nair &#8211; Stade des Merlettes<br><a href=\"https:\/\/www.google.com\/maps\/place\/Gymnase+Les+Merlettes\/@48.9072494,2.1243614,15z\/data=!4m2!3m1!1s0x0:0x20f5085210cc139d?sa=X&amp;ved=2ahUKEwilj_nKo_GBAxW7TaQEHZ-aBNMQ_BJ6BAhCEAA&amp;ved=2ahUKEwilj_nKo_GBAxW7TaQEHZ-aBNMQ_BJ6BAhREAg\" target=\"_blank\" rel=\"noopener\" title=\"Rue des Merlettes, Montesson\">Rue des Merlettes, Montesson<\/a><\/p>\n<\/div><figure class=\"wp-block-media-text__media\"><img loading=\"lazy\" decoding=\"async\" width=\"1024\" height=\"768\" src=\"https:\/\/vsgvb.fr\/wp-content\/uploads\/2024\/12\/SF2-1024x768.jpeg\" alt=\"\" class=\"wp-image-988 size-full\" srcset=\"https:\/\/vsgvb.fr\/wp-content\/uploads\/2024\/12\/SF2-1024x768.jpeg 1024w, https:\/\/vsgvb.fr\/wp-content\/uploads\/2024\/12\/SF2-300x225.jpeg 300w, https:\/\/vsgvb.fr\/wp-content\/uploads\/2024\/12\/SF2-768x576.jpeg 768w, https:\/\/vsgvb.fr\/wp-content\/uploads\/2024\/12\/SF2-1536x1152.jpeg 1536w, https:\/\/vsgvb.fr\/wp-content\/uploads\/2024\/12\/SF2.jpeg 2000w\" sizes=\"(max-width: 1024px) 100vw, 1024px\" \/><\/figure><\/div>\n\n\n\n<div style=\"height:70px\" aria-hidden=\"true\" class=\"wp-block-spacer\"><\/div>\n\n\n\n<h2 class=\"wp-block-heading has-text-align-center has-pale-cyan-blue-color has-text-color\">Cr\u00e9neaux d&rsquo;entra\u00eenement &#8211; D\u00e9partementale F\u00e9minine<\/h2>\n\n\n\n<div class=\"wp-block-media-text alignwide is-stacked-on-mobile\" style=\"grid-template-columns:55% auto\"><figure class=\"wp-block-media-text__media\"><img loading=\"lazy\" decoding=\"async\" width=\"1024\" height=\"768\" src=\"https:\/\/vsgvb.fr\/wp-content\/uploads\/2024\/12\/SF2-1024x768.jpeg\" alt=\"\" class=\"wp-image-988 size-full\" srcset=\"https:\/\/vsgvb.fr\/wp-content\/uploads\/2024\/12\/SF2-1024x768.jpeg 1024w, https:\/\/vsgvb.fr\/wp-content\/uploads\/2024\/12\/SF2-300x225.jpeg 300w, https:\/\/vsgvb.fr\/wp-content\/uploads\/2024\/12\/SF2-768x576.jpeg 768w, https:\/\/vsgvb.fr\/wp-content\/uploads\/2024\/12\/SF2-1536x1152.jpeg 1536w, https:\/\/vsgvb.fr\/wp-content\/uploads\/2024\/12\/SF2.jpeg 2000w\" sizes=\"(max-width: 1024px) 100vw, 1024px\" \/><\/figure><div class=\"wp-block-media-text__content\">\n<h2 class=\"wp-block-heading has-text-align-center\">Mercredi : 20H30 &#8211; 22H30<\/h2>\n\n\n\n<p class=\"has-text-align-center\">Gymnase Mac Nair &#8211; Stade des Merlettes<br><a href=\"https:\/\/www.google.com\/maps\/place\/Gymnase+Les+Merlettes\/@48.9072494,2.1243614,15z\/data=!4m2!3m1!1s0x0:0x20f5085210cc139d?sa=X&amp;ved=2ahUKEwilj_nKo_GBAxW7TaQEHZ-aBNMQ_BJ6BAhCEAA&amp;ved=2ahUKEwilj_nKo_GBAxW7TaQEHZ-aBNMQ_BJ6BAhREAg\" target=\"_blank\" rel=\"noopener\" title=\"Rue des Merlettes, Montesson\">Rue des Merlettes, Montesson<\/a><\/p>\n\n\n\n<h2 class=\"wp-block-heading has-text-align-center\">Vendredi : 20H30 &#8211; 22H30<\/h2>\n\n\n\n<p class=\"has-text-align-center\">Gymnase Delacroix &#8211; Stade des Merlettes<br><a href=\"https:\/\/www.google.com\/maps\/place\/Gymnase+Les+Merlettes\/@48.9072494,2.1243614,15z\/data=!4m2!3m1!1s0x0:0x20f5085210cc139d?sa=X&amp;ved=2ahUKEwilj_nKo_GBAxW7TaQEHZ-aBNMQ_BJ6BAhCEAA&amp;ved=2ahUKEwilj_nKo_GBAxW7TaQEHZ-aBNMQ_BJ6BAhREAg\" target=\"_blank\" rel=\"noopener\" title=\"Rue des Merlettes, Montesson\">Rue des Merlettes, Montesson<\/a><\/p>\n<\/div><\/div>\n\n\n\n<div style=\"height:70px\" aria-hidden=\"true\" class=\"wp-block-spacer\"><\/div>\n","protected":false},"excerpt":{"rendered":"<p>Les cr\u00e9neaux pr\u00e9sent\u00e9s ci-dessous ont \u00e9t\u00e9 actualis\u00e9s au titre de la saison 2025\/2026 \u00e0 venir. Cr\u00e9neaux d&rsquo;entra\u00eenement &#8211; Nationale 3 Masculine Lundi : 20H00 &#8211; 22H30 Gymnase des Sabli\u00e8res &#8211; Stade Omnisports de Croissy-sur-SeineChemin de Ronde, 78290 Croissy-sur-Seine Mardi : 20H30 &#8211; 22H30 Gymnase Delacroix &#8211; Stade des MerlettesRue des Merlettes, Montesson Vendredi : 20H30 &hellip;<\/p>\n<p class=\"read-more\"> <a class=\"\" href=\"https:\/\/vsgvb.fr\/?page_id=149\"> <span class=\"screen-reader-text\">Indoor &#8211; Seniors<\/span> Lire la suite\u00a0\u00bb<\/a><\/p>\n","protected":false},"author":1,"featured_media":0,"parent":0,"menu_order":0,"comment_status":"closed","ping_status":"closed","template":"","meta":{"_monsterinsights_skip_tracking":false,"_monsterinsights_sitenote_active":false,"_monsterinsights_sitenote_note":"","_monsterinsights_sitenote_category":0,"site-sidebar-layout":"default","site-content-layout":"","ast-site-content-layout":"","site-content-style":"default","site-sidebar-style":"default","ast-global-header-display":"","ast-banner-title-visibility":"","ast-main-header-display":"","ast-hfb-above-header-display":"","ast-hfb-below-header-display":"","ast-hfb-mobile-header-display":"","site-post-title":"","ast-breadcrumbs-content":"","ast-featured-img":"","footer-sml-layout":"","theme-transparent-header-meta":"","adv-header-id-meta":"","stick-header-meta":"","header-above-stick-meta":"","header-main-stick-meta":"","header-below-stick-meta":"","astra-migrate-meta-layouts":"default","ast-page-background-enabled":"default","ast-page-background-meta":{"desktop":{"background-color":"var(--ast-global-color-4)","background-image":"","background-repeat":"repeat","background-position":"center center","background-size":"auto","background-attachment":"scroll","background-type":"","background-media":"","overlay-type":"","overlay-color":"","overlay-gradient":""},"tablet":{"background-color":"","background-image":"","background-repeat":"repeat","background-position":"center center","background-size":"auto","background-attachment":"scroll","background-type":"","background-media":"","overlay-type":"","overlay-color":"","overlay-gradient":""},"mobile":{"background-color":"","background-image":"","background-repeat":"repeat","background-position":"center center","background-size":"auto","background-attachment":"scroll","background-type":"","background-media":"","overlay-type":"","overlay-color":"","overlay-gradient":""}},"ast-content-background-meta":{"desktop":{"background-color":"var(--ast-global-color-5)","background-image":"","background-repeat":"repeat","background-position":"center center","background-size":"auto","background-attachment":"scroll","background-type":"","background-media":"","overlay-type":"","overlay-color":"","overlay-gradient":""},"tablet":{"background-color":"var(--ast-global-color-5)","background-image":"","background-repeat":"repeat","background-position":"center center","background-size":"auto","background-attachment":"scroll","background-type":"","background-media":"","overlay-type":"","overlay-color":"","overlay-gradient":""},"mobile":{"background-color":"var(--ast-global-color-5)","background-image":"","background-repeat":"repeat","background-position":"center center","background-size":"auto","background-attachment":"scroll","background-type":"","background-media":"","overlay-type":"","overlay-color":"","overlay-gradient":""}},"footnotes":""},"class_list":["post-149","page","type-page","status-publish","hentry"],"aioseo_notices":[],"_links":{"self":[{"href":"https:\/\/vsgvb.fr\/index.php?rest_route=\/wp\/v2\/pages\/149","targetHints":{"allow":["GET"]}}],"collection":[{"href":"https:\/\/vsgvb.fr\/index.php?rest_route=\/wp\/v2\/pages"}],"about":[{"href":"https:\/\/vsgvb.fr\/index.php?rest_route=\/wp\/v2\/types\/page"}],"author":[{"embeddable":true,"href":"https:\/\/vsgvb.fr\/index.php?rest_route=\/wp\/v2\/users\/1"}],"replies":[{"embeddable":true,"href":"https:\/\/vsgvb.fr\/index.php?rest_route=%2Fwp%2Fv2%2Fcomments&post=149"}],"version-history":[{"count":22,"href":"https:\/\/vsgvb.fr\/index.php?rest_route=\/wp\/v2\/pages\/149\/revisions"}],"predecessor-version":[{"id":1511,"href":"https:\/\/vsgvb.fr\/index.php?rest_route=\/wp\/v2\/pages\/149\/revisions\/1511"}],"wp:attachment":[{"href":"https:\/\/vsgvb.fr\/index.php?rest_route=%2Fwp%2Fv2%2Fmedia&parent=149"}],"curies":[{"name":"wp","href":"https:\/\/api.w.org\/{rel}","templated":true}]}}