{"id":138,"date":"2023-10-12T17:29:55","date_gmt":"2023-10-12T15:29:55","guid":{"rendered":"https:\/\/blairvacq.fr\/?page_id=138"},"modified":"2025-08-22T15:57:10","modified_gmt":"2025-08-22T13:57:10","slug":"beach-seniors","status":"publish","type":"page","link":"https:\/\/vsgvb.fr\/?page_id=138","title":{"rendered":"Beach &#8211; Seniors"},"content":{"rendered":"\n<p class=\"has-text-align-center has-vivid-green-cyan-background-color has-background has-medium-font-size\"><strong><strong><strong>Les cr\u00e9neaux pr\u00e9sent\u00e9s ci-dessous ont \u00e9t\u00e9 actualis\u00e9s au titre de la saison 2025\/2026 \u00e0 venir.<\/strong><\/strong><\/strong><\/p>\n\n\n\n<h2 class=\"wp-block-heading has-text-align-center has-pale-cyan-blue-color has-text-color\">Cr\u00e9neaux d&rsquo;entra\u00eenement &#8211; <strong>Elite M<\/strong>asculine<\/h2>\n\n\n\n<div class=\"wp-block-media-text alignwide is-stacked-on-mobile\"><figure class=\"wp-block-media-text__media\"><img fetchpriority=\"high\" decoding=\"async\" width=\"1024\" height=\"1024\" src=\"https:\/\/vsgvb.fr\/wp-content\/uploads\/2025\/07\/BEACH-SENIORS-ANNONCES-RESULTATS-38-1024x1024.png\" alt=\"\" class=\"wp-image-1470 size-full\" srcset=\"https:\/\/vsgvb.fr\/wp-content\/uploads\/2025\/07\/BEACH-SENIORS-ANNONCES-RESULTATS-38-1024x1024.png 1024w, https:\/\/vsgvb.fr\/wp-content\/uploads\/2025\/07\/BEACH-SENIORS-ANNONCES-RESULTATS-38-300x300.png 300w, https:\/\/vsgvb.fr\/wp-content\/uploads\/2025\/07\/BEACH-SENIORS-ANNONCES-RESULTATS-38-150x150.png 150w, https:\/\/vsgvb.fr\/wp-content\/uploads\/2025\/07\/BEACH-SENIORS-ANNONCES-RESULTATS-38-768x768.png 768w, https:\/\/vsgvb.fr\/wp-content\/uploads\/2025\/07\/BEACH-SENIORS-ANNONCES-RESULTATS-38.png 1080w\" sizes=\"(max-width: 1024px) 100vw, 1024px\" \/><\/figure><div class=\"wp-block-media-text__content\">\n<h2 class=\"wp-block-heading has-text-align-center\">Mardi : 19H30 &#8211; 21H00<br>Jeudi : 19H30 &#8211; 21H00<br>Vendredi : 19H30 &#8211; 21H00<\/h2>\n\n\n\n<p class=\"has-text-align-center has-white-color has-text-color\">Entre les mois de septembre et d&rsquo;avril<br>Stade Georges Lef\u00e8vre de Saint-Germain-en-Laye<br><a href=\"https:\/\/www.google.com\/maps\/place\/V%C3%A9sinet+Saint-Germain+Beach+Volley\/@48.9129007,2.0828911,17z\/data=!4m15!1m8!3m7!1s0x47e689c649d26f95:0x19432bdb6a24fced!2s3+Av.+du+Pr%C3%A9sident+John+Fitzgerald+Kennedy,+78100+Saint-Germain-en-Laye!3b1!8m2!3d48.9129007!4d2.0828911!16s%2Fg%2F11c1g2rzyy!3m5!1s0x47e689610c2eaa73:0x4ed580ce55a999e2!8m2!3d48.9115929!4d2.0816786!16s%2Fg%2F11stnh6qst?entry=ttu\" target=\"_blank\" rel=\"noopener\" title=\"3 Av. du Pr\u00e9sident John Fitzgerald Kennedy, Saint-Germain-en-Laye\">3 Av. du Pr\u00e9sident John Fitzgerald Kennedy, Saint-Germain-en-Laye<\/a><\/p>\n\n\n\n<p class=\"has-text-align-center\">Entre les mois d&rsquo;octobre et de mars<br>Halle Couverte &#8211; Stade Omnisports du Chemin de Ronde<br><a href=\"https:\/\/www.google.fr\/maps\/place\/Stade+Omnisports+du+Chemin+de+Ronde\/@48.8790884,2.1259128,17z\/data=!3m1!4b1!4m6!3m5!1s0x47e662952b2d3171:0x77ed9c78e43a2338!8m2!3d48.8790884!4d2.1259128!16s%2Fg%2F11c604lyx9?entry=ttu\" target=\"_blank\" rel=\"noopener\" title=\"Halle Couverte, Chemin de Ronde, Croissy sur Seine\">Halle Couverte, Chemin de Ronde, Croissy sur Seine<\/a><\/p>\n<\/div><\/div>\n\n\n\n<div style=\"height:70px\" aria-hidden=\"true\" class=\"wp-block-spacer\"><\/div>\n\n\n\n<h2 class=\"wp-block-heading has-text-align-center has-pale-cyan-blue-color has-text-color\">Cr\u00e9neaux d&rsquo;entra\u00eenement &#8211; Groupe <strong>Interm\u00e9diaire M<\/strong>asculins 1<\/h2>\n\n\n\n<div class=\"wp-block-media-text alignwide has-media-on-the-right is-stacked-on-mobile\"><div class=\"wp-block-media-text__content\">\n<h2 class=\"wp-block-heading has-text-align-center\">Lundi: 20H00 &#8211; 22H00<br>Jeudi : 21H00 &#8211; 22H30<\/h2>\n\n\n\n<p class=\"has-text-align-center has-white-color has-text-color\">Entre les mois de septembre et d&rsquo;avril<br>Stade Georges Lef\u00e8vre de Saint-Germain-en-Laye<br><a href=\"https:\/\/www.google.com\/maps\/place\/V%C3%A9sinet+Saint-Germain+Beach+Volley\/@48.9129007,2.0828911,17z\/data=!4m15!1m8!3m7!1s0x47e689c649d26f95:0x19432bdb6a24fced!2s3+Av.+du+Pr%C3%A9sident+John+Fitzgerald+Kennedy,+78100+Saint-Germain-en-Laye!3b1!8m2!3d48.9129007!4d2.0828911!16s%2Fg%2F11c1g2rzyy!3m5!1s0x47e689610c2eaa73:0x4ed580ce55a999e2!8m2!3d48.9115929!4d2.0816786!16s%2Fg%2F11stnh6qst?entry=ttu\" target=\"_blank\" rel=\"noopener\" title=\"3 Av. du Pr\u00e9sident John Fitzgerald Kennedy, Saint-Germain-en-Laye\">3 Av. du Pr\u00e9sident John Fitzgerald Kennedy, Saint-Germain-en-Laye<\/a><\/p>\n\n\n\n<p class=\"has-text-align-center\">Entre les mois d&rsquo;octobre et de mars<br>Halle Couverte &#8211; Stade Omnisports du Chemin de Ronde<br><a href=\"https:\/\/www.google.fr\/maps\/place\/Stade+Omnisports+du+Chemin+de+Ronde\/@48.8790884,2.1259128,17z\/data=!3m1!4b1!4m6!3m5!1s0x47e662952b2d3171:0x77ed9c78e43a2338!8m2!3d48.8790884!4d2.1259128!16s%2Fg%2F11c604lyx9?entry=ttu\" target=\"_blank\" rel=\"noopener\" title=\"Halle Couverte, Chemin de Ronde, Croissy sur Seine\">Halle Couverte, Chemin de Ronde, Croissy sur Seine<\/a><\/p>\n<\/div><figure class=\"wp-block-media-text__media\"><img decoding=\"async\" width=\"1024\" height=\"1024\" src=\"http:\/\/vsgvb.fr\/wp-content\/uploads\/2025\/07\/BEACH-SENIORS-ANNONCES-RESULTATS-40-1024x1024.png\" alt=\"\" class=\"wp-image-1474 size-full\" srcset=\"https:\/\/vsgvb.fr\/wp-content\/uploads\/2025\/07\/BEACH-SENIORS-ANNONCES-RESULTATS-40-1024x1024.png 1024w, https:\/\/vsgvb.fr\/wp-content\/uploads\/2025\/07\/BEACH-SENIORS-ANNONCES-RESULTATS-40-300x300.png 300w, https:\/\/vsgvb.fr\/wp-content\/uploads\/2025\/07\/BEACH-SENIORS-ANNONCES-RESULTATS-40-150x150.png 150w, https:\/\/vsgvb.fr\/wp-content\/uploads\/2025\/07\/BEACH-SENIORS-ANNONCES-RESULTATS-40-768x768.png 768w, https:\/\/vsgvb.fr\/wp-content\/uploads\/2025\/07\/BEACH-SENIORS-ANNONCES-RESULTATS-40.png 1080w\" sizes=\"(max-width: 1024px) 100vw, 1024px\" \/><\/figure><\/div>\n\n\n\n<div style=\"height:70px\" aria-hidden=\"true\" class=\"wp-block-spacer\"><\/div>\n\n\n\n<h2 class=\"wp-block-heading has-text-align-center has-pale-cyan-blue-color has-text-color\">Cr\u00e9neaux d&rsquo;entra\u00eenement &#8211; Groupe <strong>Interm\u00e9diaire <\/strong>F\u00e9minins 1<\/h2>\n\n\n\n<div class=\"wp-block-media-text alignwide is-stacked-on-mobile\"><figure class=\"wp-block-media-text__media\"><img decoding=\"async\" width=\"1024\" height=\"768\" src=\"http:\/\/vsgvb.fr\/wp-content\/uploads\/2025\/02\/Groupe-Feminin-S3-15-dec-1024x768.jpeg\" alt=\"\" class=\"wp-image-1036 size-full\" srcset=\"https:\/\/vsgvb.fr\/wp-content\/uploads\/2025\/02\/Groupe-Feminin-S3-15-dec-1024x768.jpeg 1024w, https:\/\/vsgvb.fr\/wp-content\/uploads\/2025\/02\/Groupe-Feminin-S3-15-dec-300x225.jpeg 300w, https:\/\/vsgvb.fr\/wp-content\/uploads\/2025\/02\/Groupe-Feminin-S3-15-dec-768x576.jpeg 768w, https:\/\/vsgvb.fr\/wp-content\/uploads\/2025\/02\/Groupe-Feminin-S3-15-dec-1536x1152.jpeg 1536w, https:\/\/vsgvb.fr\/wp-content\/uploads\/2025\/02\/Groupe-Feminin-S3-15-dec.jpeg 1600w\" sizes=\"(max-width: 1024px) 100vw, 1024px\" \/><\/figure><div class=\"wp-block-media-text__content\">\n<h2 class=\"wp-block-heading has-text-align-center\">Lundi: 20H00 &#8211; 22H00<br>Jeudi : 21H00 &#8211; 22H30<\/h2>\n\n\n\n<p class=\"has-text-align-center has-white-color has-text-color\">Entre les mois de septembre et d&rsquo;avril<br>Stade Georges Lef\u00e8vre de Saint-Germain-en-Laye<br><a href=\"https:\/\/www.google.com\/maps\/place\/V%C3%A9sinet+Saint-Germain+Beach+Volley\/@48.9129007,2.0828911,17z\/data=!4m15!1m8!3m7!1s0x47e689c649d26f95:0x19432bdb6a24fced!2s3+Av.+du+Pr%C3%A9sident+John+Fitzgerald+Kennedy,+78100+Saint-Germain-en-Laye!3b1!8m2!3d48.9129007!4d2.0828911!16s%2Fg%2F11c1g2rzyy!3m5!1s0x47e689610c2eaa73:0x4ed580ce55a999e2!8m2!3d48.9115929!4d2.0816786!16s%2Fg%2F11stnh6qst?entry=ttu\" target=\"_blank\" rel=\"noopener\" title=\"3 Av. du Pr\u00e9sident John Fitzgerald Kennedy, Saint-Germain-en-Laye\">3 Av. du Pr\u00e9sident John Fitzgerald Kennedy, Saint-Germain-en-Laye<\/a><\/p>\n\n\n\n<p class=\"has-text-align-center\">Entre les mois d&rsquo;octobre et de mars<br>Halle Couverte &#8211; Stade Omnisports du Chemin de Ronde<br><a href=\"https:\/\/www.google.fr\/maps\/place\/Stade+Omnisports+du+Chemin+de+Ronde\/@48.8790884,2.1259128,17z\/data=!3m1!4b1!4m6!3m5!1s0x47e662952b2d3171:0x77ed9c78e43a2338!8m2!3d48.8790884!4d2.1259128!16s%2Fg%2F11c604lyx9?entry=ttu\" target=\"_blank\" rel=\"noopener\" title=\"Halle Couverte, Chemin de Ronde, Croissy sur Seine\">Halle Couverte, Chemin de Ronde, Croissy sur Seine<\/a><\/p>\n<\/div><\/div>\n\n\n\n<div style=\"height:70px\" aria-hidden=\"true\" class=\"wp-block-spacer\"><\/div>\n\n\n\n<h2 class=\"wp-block-heading has-text-align-center has-pale-cyan-blue-color has-text-color\">Cr\u00e9neaux d&rsquo;entra\u00eenement &#8211; Groupe <strong>Interm\u00e9diaire M<\/strong>asculins 2<\/h2>\n\n\n\n<div class=\"wp-block-media-text alignwide has-media-on-the-right is-stacked-on-mobile\"><div class=\"wp-block-media-text__content\">\n<h2 class=\"wp-block-heading has-text-align-center\">Mardi : 19H30 &#8211; 21H00<br>Vendredi : 21H00 &#8211; 22H30<\/h2>\n\n\n\n<p class=\"has-text-align-center has-white-color has-text-color\">Entre les mois de septembre et d&rsquo;avril<br>Stade Georges Lef\u00e8vre de Saint-Germain-en-Laye<br><a href=\"https:\/\/www.google.com\/maps\/place\/V%C3%A9sinet+Saint-Germain+Beach+Volley\/@48.9129007,2.0828911,17z\/data=!4m15!1m8!3m7!1s0x47e689c649d26f95:0x19432bdb6a24fced!2s3+Av.+du+Pr%C3%A9sident+John+Fitzgerald+Kennedy,+78100+Saint-Germain-en-Laye!3b1!8m2!3d48.9129007!4d2.0828911!16s%2Fg%2F11c1g2rzyy!3m5!1s0x47e689610c2eaa73:0x4ed580ce55a999e2!8m2!3d48.9115929!4d2.0816786!16s%2Fg%2F11stnh6qst?entry=ttu\" target=\"_blank\" rel=\"noopener\" title=\"3 Av. du Pr\u00e9sident John Fitzgerald Kennedy, Saint-Germain-en-Laye\">3 Av. du Pr\u00e9sident John Fitzgerald Kennedy, Saint-Germain-en-Laye<\/a><\/p>\n\n\n\n<p class=\"has-text-align-center\">Entre les mois d&rsquo;octobre et de mars<br>Halle Couverte &#8211; Stade Omnisports du Chemin de Ronde<br><a href=\"https:\/\/www.google.fr\/maps\/place\/Stade+Omnisports+du+Chemin+de+Ronde\/@48.8790884,2.1259128,17z\/data=!3m1!4b1!4m6!3m5!1s0x47e662952b2d3171:0x77ed9c78e43a2338!8m2!3d48.8790884!4d2.1259128!16s%2Fg%2F11c604lyx9?entry=ttu\" target=\"_blank\" rel=\"noopener\" title=\"Halle Couverte, Chemin de Ronde, Croissy sur Seine\">Halle Couverte, Chemin de Ronde, Croissy sur Seine<\/a><\/p>\n<\/div><figure class=\"wp-block-media-text__media\"><img loading=\"lazy\" decoding=\"async\" width=\"1024\" height=\"768\" src=\"http:\/\/vsgvb.fr\/wp-content\/uploads\/2023\/10\/Loisirs-Beach-1024x768.webp\" alt=\"\" class=\"wp-image-146 size-full\" srcset=\"https:\/\/vsgvb.fr\/wp-content\/uploads\/2023\/10\/Loisirs-Beach-1024x768.webp 1024w, https:\/\/vsgvb.fr\/wp-content\/uploads\/2023\/10\/Loisirs-Beach-300x225.webp 300w, https:\/\/vsgvb.fr\/wp-content\/uploads\/2023\/10\/Loisirs-Beach-768x576.webp 768w, https:\/\/vsgvb.fr\/wp-content\/uploads\/2023\/10\/Loisirs-Beach.webp 1080w\" sizes=\"(max-width: 1024px) 100vw, 1024px\" \/><\/figure><\/div>\n\n\n\n<div style=\"height:70px\" aria-hidden=\"true\" class=\"wp-block-spacer\"><\/div>\n\n\n\n<h2 class=\"wp-block-heading has-text-align-center has-pale-cyan-blue-color has-text-color\">Cr\u00e9neaux d&rsquo;entra\u00eenement &#8211; Groupe <strong>Interm\u00e9diaire <\/strong>F\u00e9minins 2<\/h2>\n\n\n\n<div class=\"wp-block-media-text alignwide is-stacked-on-mobile\"><figure class=\"wp-block-media-text__media\"><img loading=\"lazy\" decoding=\"async\" width=\"1024\" height=\"768\" src=\"http:\/\/vsgvb.fr\/wp-content\/uploads\/2023\/10\/Loisirs-Beach-1024x768.webp\" alt=\"\" class=\"wp-image-146 size-full\" srcset=\"https:\/\/vsgvb.fr\/wp-content\/uploads\/2023\/10\/Loisirs-Beach-1024x768.webp 1024w, https:\/\/vsgvb.fr\/wp-content\/uploads\/2023\/10\/Loisirs-Beach-300x225.webp 300w, https:\/\/vsgvb.fr\/wp-content\/uploads\/2023\/10\/Loisirs-Beach-768x576.webp 768w, https:\/\/vsgvb.fr\/wp-content\/uploads\/2023\/10\/Loisirs-Beach.webp 1080w\" sizes=\"(max-width: 1024px) 100vw, 1024px\" \/><\/figure><div class=\"wp-block-media-text__content\">\n<h2 class=\"wp-block-heading has-text-align-center\">Mardi : 21H00 &#8211; 22H30<br>Vendredi : 19H30 &#8211; 21H00<\/h2>\n\n\n\n<p class=\"has-text-align-center has-white-color has-text-color\">Entre les mois de septembre et d&rsquo;avril<br>Stade Georges Lef\u00e8vre de Saint-Germain-en-Laye<br><a href=\"https:\/\/www.google.com\/maps\/place\/V%C3%A9sinet+Saint-Germain+Beach+Volley\/@48.9129007,2.0828911,17z\/data=!4m15!1m8!3m7!1s0x47e689c649d26f95:0x19432bdb6a24fced!2s3+Av.+du+Pr%C3%A9sident+John+Fitzgerald+Kennedy,+78100+Saint-Germain-en-Laye!3b1!8m2!3d48.9129007!4d2.0828911!16s%2Fg%2F11c1g2rzyy!3m5!1s0x47e689610c2eaa73:0x4ed580ce55a999e2!8m2!3d48.9115929!4d2.0816786!16s%2Fg%2F11stnh6qst?entry=ttu\" target=\"_blank\" rel=\"noopener\" title=\"3 Av. du Pr\u00e9sident John Fitzgerald Kennedy, Saint-Germain-en-Laye\">3 Av. du Pr\u00e9sident John Fitzgerald Kennedy, Saint-Germain-en-Laye<\/a><\/p>\n\n\n\n<p class=\"has-text-align-center\">Entre les mois d&rsquo;octobre et de mars<br>Halle Couverte &#8211; Stade Omnisports du Chemin de Ronde<br><a href=\"https:\/\/www.google.fr\/maps\/place\/Stade+Omnisports+du+Chemin+de+Ronde\/@48.8790884,2.1259128,17z\/data=!3m1!4b1!4m6!3m5!1s0x47e662952b2d3171:0x77ed9c78e43a2338!8m2!3d48.8790884!4d2.1259128!16s%2Fg%2F11c604lyx9?entry=ttu\" target=\"_blank\" rel=\"noopener\" title=\"Halle Couverte, Chemin de Ronde, Croissy sur Seine\">Halle Couverte, Chemin de Ronde, Croissy sur Seine<\/a><\/p>\n<\/div><\/div>\n\n\n\n<div style=\"height:70px\" aria-hidden=\"true\" class=\"wp-block-spacer\"><\/div>\n\n\n\n<h2 class=\"wp-block-heading has-text-align-center has-pale-cyan-blue-color has-text-color\">Cr\u00e9neaux d&rsquo;entra\u00eenement &#8211; Groupe <strong>Interm\u00e9diaire <\/strong>Masculins 3<\/h2>\n\n\n\n<div class=\"wp-block-media-text alignwide has-media-on-the-right is-stacked-on-mobile\"><div class=\"wp-block-media-text__content\">\n<h2 class=\"wp-block-heading has-text-align-center\">Mardi : 21H00 &#8211; 22H30<br>Vendredi : 21H00 &#8211; 22H30<\/h2>\n\n\n\n<p class=\"has-text-align-center has-white-color has-text-color\">Entre les mois de septembre et d&rsquo;avril<br>Stade Georges Lef\u00e8vre de Saint-Germain-en-Laye<br><a href=\"https:\/\/www.google.com\/maps\/place\/V%C3%A9sinet+Saint-Germain+Beach+Volley\/@48.9129007,2.0828911,17z\/data=!4m15!1m8!3m7!1s0x47e689c649d26f95:0x19432bdb6a24fced!2s3+Av.+du+Pr%C3%A9sident+John+Fitzgerald+Kennedy,+78100+Saint-Germain-en-Laye!3b1!8m2!3d48.9129007!4d2.0828911!16s%2Fg%2F11c1g2rzyy!3m5!1s0x47e689610c2eaa73:0x4ed580ce55a999e2!8m2!3d48.9115929!4d2.0816786!16s%2Fg%2F11stnh6qst?entry=ttu\" target=\"_blank\" rel=\"noopener\" title=\"3 Av. du Pr\u00e9sident John Fitzgerald Kennedy, Saint-Germain-en-Laye\">3 Av. du Pr\u00e9sident John Fitzgerald Kennedy, Saint-Germain-en-Laye<\/a><\/p>\n\n\n\n<p class=\"has-text-align-center\">Entre les mois d&rsquo;octobre et de mars<br>Halle Couverte &#8211; Stade Omnisports du Chemin de Ronde<br><a href=\"https:\/\/www.google.fr\/maps\/place\/Stade+Omnisports+du+Chemin+de+Ronde\/@48.8790884,2.1259128,17z\/data=!3m1!4b1!4m6!3m5!1s0x47e662952b2d3171:0x77ed9c78e43a2338!8m2!3d48.8790884!4d2.1259128!16s%2Fg%2F11c604lyx9?entry=ttu\" target=\"_blank\" rel=\"noopener\" title=\"Halle Couverte, Chemin de Ronde, Croissy sur Seine\">Halle Couverte, Chemin de Ronde, Croissy sur Seine<\/a><\/p>\n<\/div><figure class=\"wp-block-media-text__media\"><img loading=\"lazy\" decoding=\"async\" width=\"1024\" height=\"768\" src=\"http:\/\/vsgvb.fr\/wp-content\/uploads\/2023\/10\/Loisirs-Beach-1024x768.webp\" alt=\"\" class=\"wp-image-146 size-full\" srcset=\"https:\/\/vsgvb.fr\/wp-content\/uploads\/2023\/10\/Loisirs-Beach-1024x768.webp 1024w, https:\/\/vsgvb.fr\/wp-content\/uploads\/2023\/10\/Loisirs-Beach-300x225.webp 300w, https:\/\/vsgvb.fr\/wp-content\/uploads\/2023\/10\/Loisirs-Beach-768x576.webp 768w, https:\/\/vsgvb.fr\/wp-content\/uploads\/2023\/10\/Loisirs-Beach.webp 1080w\" sizes=\"(max-width: 1024px) 100vw, 1024px\" \/><\/figure><\/div>\n","protected":false},"excerpt":{"rendered":"<p>Les cr\u00e9neaux pr\u00e9sent\u00e9s ci-dessous ont \u00e9t\u00e9 actualis\u00e9s au titre de la saison 2025\/2026 \u00e0 venir. Cr\u00e9neaux d&rsquo;entra\u00eenement &#8211; Elite Masculine Mardi : 19H30 &#8211; 21H00Jeudi : 19H30 &#8211; 21H00Vendredi : 19H30 &#8211; 21H00 Entre les mois de septembre et d&rsquo;avrilStade Georges Lef\u00e8vre de Saint-Germain-en-Laye3 Av. du Pr\u00e9sident John Fitzgerald Kennedy, Saint-Germain-en-Laye Entre les mois d&rsquo;octobre &hellip;<\/p>\n<p class=\"read-more\"> <a class=\"\" href=\"https:\/\/vsgvb.fr\/?page_id=138\"> <span class=\"screen-reader-text\">Beach &#8211; Seniors<\/span> Lire la suite\u00a0\u00bb<\/a><\/p>\n","protected":false},"author":1,"featured_media":0,"parent":0,"menu_order":0,"comment_status":"closed","ping_status":"closed","template":"","meta":{"_monsterinsights_skip_tracking":false,"_monsterinsights_sitenote_active":false,"_monsterinsights_sitenote_note":"","_monsterinsights_sitenote_category":0,"site-sidebar-layout":"default","site-content-layout":"","ast-site-content-layout":"","site-content-style":"default","site-sidebar-style":"default","ast-global-header-display":"","ast-banner-title-visibility":"","ast-main-header-display":"","ast-hfb-above-header-display":"","ast-hfb-below-header-display":"","ast-hfb-mobile-header-display":"","site-post-title":"","ast-breadcrumbs-content":"","ast-featured-img":"","footer-sml-layout":"","theme-transparent-header-meta":"","adv-header-id-meta":"","stick-header-meta":"","header-above-stick-meta":"","header-main-stick-meta":"","header-below-stick-meta":"","astra-migrate-meta-layouts":"default","ast-page-background-enabled":"default","ast-page-background-meta":{"desktop":{"background-color":"var(--ast-global-color-4)","background-image":"","background-repeat":"repeat","background-position":"center center","background-size":"auto","background-attachment":"scroll","background-type":"","background-media":"","overlay-type":"","overlay-color":"","overlay-gradient":""},"tablet":{"background-color":"","background-image":"","background-repeat":"repeat","background-position":"center center","background-size":"auto","background-attachment":"scroll","background-type":"","background-media":"","overlay-type":"","overlay-color":"","overlay-gradient":""},"mobile":{"background-color":"","background-image":"","background-repeat":"repeat","background-position":"center center","background-size":"auto","background-attachment":"scroll","background-type":"","background-media":"","overlay-type":"","overlay-color":"","overlay-gradient":""}},"ast-content-background-meta":{"desktop":{"background-color":"var(--ast-global-color-5)","background-image":"","background-repeat":"repeat","background-position":"center center","background-size":"auto","background-attachment":"scroll","background-type":"","background-media":"","overlay-type":"","overlay-color":"","overlay-gradient":""},"tablet":{"background-color":"var(--ast-global-color-5)","background-image":"","background-repeat":"repeat","background-position":"center center","background-size":"auto","background-attachment":"scroll","background-type":"","background-media":"","overlay-type":"","overlay-color":"","overlay-gradient":""},"mobile":{"background-color":"var(--ast-global-color-5)","background-image":"","background-repeat":"repeat","background-position":"center center","background-size":"auto","background-attachment":"scroll","background-type":"","background-media":"","overlay-type":"","overlay-color":"","overlay-gradient":""}},"footnotes":""},"class_list":["post-138","page","type-page","status-publish","hentry"],"aioseo_notices":[],"_links":{"self":[{"href":"https:\/\/vsgvb.fr\/index.php?rest_route=\/wp\/v2\/pages\/138","targetHints":{"allow":["GET"]}}],"collection":[{"href":"https:\/\/vsgvb.fr\/index.php?rest_route=\/wp\/v2\/pages"}],"about":[{"href":"https:\/\/vsgvb.fr\/index.php?rest_route=\/wp\/v2\/types\/page"}],"author":[{"embeddable":true,"href":"https:\/\/vsgvb.fr\/index.php?rest_route=\/wp\/v2\/users\/1"}],"replies":[{"embeddable":true,"href":"https:\/\/vsgvb.fr\/index.php?rest_route=%2Fwp%2Fv2%2Fcomments&post=138"}],"version-history":[{"count":34,"href":"https:\/\/vsgvb.fr\/index.php?rest_route=\/wp\/v2\/pages\/138\/revisions"}],"predecessor-version":[{"id":1552,"href":"https:\/\/vsgvb.fr\/index.php?rest_route=\/wp\/v2\/pages\/138\/revisions\/1552"}],"wp:attachment":[{"href":"https:\/\/vsgvb.fr\/index.php?rest_route=%2Fwp%2Fv2%2Fmedia&parent=138"}],"curies":[{"name":"wp","href":"https:\/\/api.w.org\/{rel}","templated":true}]}}