{"id":132,"date":"2023-10-12T17:23:03","date_gmt":"2023-10-12T15:23:03","guid":{"rendered":"https:\/\/blairvacq.fr\/?page_id=132"},"modified":"2025-08-22T15:46:17","modified_gmt":"2025-08-22T13:46:17","slug":"beach-jeunes","status":"publish","type":"page","link":"https:\/\/vsgvb.fr\/?page_id=132","title":{"rendered":"Beach &#8211; Jeunes"},"content":{"rendered":"\n<p class=\"has-text-align-center has-vivid-green-cyan-background-color has-background has-medium-font-size\"><strong><strong><strong>Les cr\u00e9neaux pr\u00e9sent\u00e9s ci-dessous ont \u00e9t\u00e9 actualis\u00e9s au titre de la saison 2025\/2026 \u00e0 venir.<\/strong><\/strong><\/strong><\/p>\n\n\n\n<h2 class=\"wp-block-heading has-text-align-center has-pale-cyan-blue-color has-text-color\">Cr\u00e9neaux d&rsquo;entra\u00eenement &#8211; <strong>Initiation M13\/M15\/M18<\/strong> Mixte<\/h2>\n\n\n\n<div class=\"wp-block-media-text alignwide has-media-on-the-right is-stacked-on-mobile\" style=\"grid-template-columns:auto 53%\"><div class=\"wp-block-media-text__content\">\n<h2 class=\"wp-block-heading has-text-align-center\">Mercredi : 14H00 &#8211; 15H30<\/h2>\n\n\n\n<p class=\"has-text-align-center has-white-color has-text-color\">Entre les mois de septembre et d&rsquo;avril<br>Stade Georges Lef\u00e8vre de Saint-Germain-en-Laye<br><a href=\"https:\/\/www.google.com\/maps\/place\/V%C3%A9sinet+Saint-Germain+Beach+Volley\/@48.9129007,2.0828911,17z\/data=!4m15!1m8!3m7!1s0x47e689c649d26f95:0x19432bdb6a24fced!2s3+Av.+du+Pr%C3%A9sident+John+Fitzgerald+Kennedy,+78100+Saint-Germain-en-Laye!3b1!8m2!3d48.9129007!4d2.0828911!16s%2Fg%2F11c1g2rzyy!3m5!1s0x47e689610c2eaa73:0x4ed580ce55a999e2!8m2!3d48.9115929!4d2.0816786!16s%2Fg%2F11stnh6qst?entry=ttu\" target=\"_blank\" rel=\"noopener\" title=\"3 Av. du Pr\u00e9sident John Fitzgerald Kennedy, Saint-Germain-en-Laye\">3 Av. du Pr\u00e9sident John Fitzgerald Kennedy, Saint-Germain-en-Laye<\/a><\/p>\n\n\n\n<p class=\"has-text-align-center has-white-color has-text-color\">Entre les mois d&rsquo;octobre et de mars<br>Halle Couverte &#8211; Stade Omnisports du Chemin de Ronde<br><a href=\"https:\/\/www.google.fr\/maps\/place\/Stade+Omnisports+du+Chemin+de+Ronde\/@48.8790884,2.1259128,17z\/data=!3m1!4b1!4m6!3m5!1s0x47e662952b2d3171:0x77ed9c78e43a2338!8m2!3d48.8790884!4d2.1259128!16s%2Fg%2F11c604lyx9?entry=ttu\" target=\"_blank\" rel=\"noopener\" title=\"Halle Couverte, Chemin de Ronde, Croissy sur Seine\">Halle Couverte, Chemin de Ronde, Croissy sur Seine<\/a><\/p>\n<\/div><figure class=\"wp-block-media-text__media\"><img fetchpriority=\"high\" decoding=\"async\" width=\"1024\" height=\"477\" src=\"https:\/\/vsgvb.fr\/wp-content\/uploads\/2023\/12\/Photo-Stage-Beach-Jeune-2022-2023.jpg\" alt=\"\" class=\"wp-image-568 size-full\" srcset=\"https:\/\/vsgvb.fr\/wp-content\/uploads\/2023\/12\/Photo-Stage-Beach-Jeune-2022-2023.jpg 1024w, https:\/\/vsgvb.fr\/wp-content\/uploads\/2023\/12\/Photo-Stage-Beach-Jeune-2022-2023-300x140.jpg 300w, https:\/\/vsgvb.fr\/wp-content\/uploads\/2023\/12\/Photo-Stage-Beach-Jeune-2022-2023-768x358.jpg 768w\" sizes=\"(max-width: 1024px) 100vw, 1024px\" \/><\/figure><\/div>\n\n\n\n<div style=\"height:70px\" aria-hidden=\"true\" class=\"wp-block-spacer\"><\/div>\n\n\n\n<h2 class=\"wp-block-heading has-text-align-center has-pale-cyan-blue-color has-text-color\">Cr\u00e9neaux d&rsquo;entra\u00eenement &#8211; <strong>Comp\u00e9tition M15<\/strong><\/h2>\n\n\n\n<div class=\"wp-block-media-text alignwide has-media-on-the-right is-stacked-on-mobile\" style=\"grid-template-columns:auto 53%\"><div class=\"wp-block-media-text__content\">\n<h2 class=\"wp-block-heading has-text-align-center\">Lundi : 18H00 &#8211; 20H00<\/h2>\n\n\n\n<p class=\"has-text-align-center has-white-color has-text-color\">Entre les mois de septembre et d&rsquo;avril<br>Stade Georges Lef\u00e8vre de Saint-Germain-en-Laye<br><a href=\"https:\/\/www.google.com\/maps\/place\/V%C3%A9sinet+Saint-Germain+Beach+Volley\/@48.9129007,2.0828911,17z\/data=!4m15!1m8!3m7!1s0x47e689c649d26f95:0x19432bdb6a24fced!2s3+Av.+du+Pr%C3%A9sident+John+Fitzgerald+Kennedy,+78100+Saint-Germain-en-Laye!3b1!8m2!3d48.9129007!4d2.0828911!16s%2Fg%2F11c1g2rzyy!3m5!1s0x47e689610c2eaa73:0x4ed580ce55a999e2!8m2!3d48.9115929!4d2.0816786!16s%2Fg%2F11stnh6qst?entry=ttu\" target=\"_blank\" rel=\"noopener\" title=\"3 Av. du Pr\u00e9sident John Fitzgerald Kennedy, Saint-Germain-en-Laye\">3 Av. du Pr\u00e9sident John Fitzgerald Kennedy, Saint-Germain-en-Laye<\/a><\/p>\n\n\n\n<p class=\"has-text-align-center has-white-color has-text-color\">Entre les mois d&rsquo;octobre et de mars<br>Halle Couverte &#8211; Stade Omnisports du Chemin de Ronde<br><a href=\"https:\/\/www.google.fr\/maps\/place\/Stade+Omnisports+du+Chemin+de+Ronde\/@48.8790884,2.1259128,17z\/data=!3m1!4b1!4m6!3m5!1s0x47e662952b2d3171:0x77ed9c78e43a2338!8m2!3d48.8790884!4d2.1259128!16s%2Fg%2F11c604lyx9?entry=ttu\" target=\"_blank\" rel=\"noopener\" title=\"Halle Couverte, Chemin de Ronde, Croissy sur Seine\">Halle Couverte, Chemin de Ronde, Croissy sur Seine<\/a><\/p>\n<\/div><figure class=\"wp-block-media-text__media\"><img decoding=\"async\" width=\"1024\" height=\"1024\" src=\"http:\/\/vsgvb.fr\/wp-content\/uploads\/2025\/07\/BEACH-JEUNES-RESULTATS-33-1024x1024.png\" alt=\"\" class=\"wp-image-1466 size-full\" srcset=\"https:\/\/vsgvb.fr\/wp-content\/uploads\/2025\/07\/BEACH-JEUNES-RESULTATS-33-1024x1024.png 1024w, https:\/\/vsgvb.fr\/wp-content\/uploads\/2025\/07\/BEACH-JEUNES-RESULTATS-33-300x300.png 300w, https:\/\/vsgvb.fr\/wp-content\/uploads\/2025\/07\/BEACH-JEUNES-RESULTATS-33-150x150.png 150w, https:\/\/vsgvb.fr\/wp-content\/uploads\/2025\/07\/BEACH-JEUNES-RESULTATS-33-768x768.png 768w, https:\/\/vsgvb.fr\/wp-content\/uploads\/2025\/07\/BEACH-JEUNES-RESULTATS-33.png 1080w\" sizes=\"(max-width: 1024px) 100vw, 1024px\" \/><\/figure><\/div>\n\n\n\n<div style=\"height:70px\" aria-hidden=\"true\" class=\"wp-block-spacer\"><\/div>\n\n\n\n<h2 class=\"wp-block-heading has-text-align-center has-pale-cyan-blue-color has-text-color\">Cr\u00e9neaux d&rsquo;entra\u00eenement &#8211; <strong>Comp\u00e9tition M1<\/strong>8<\/h2>\n\n\n\n<div class=\"wp-block-media-text alignwide is-stacked-on-mobile\" style=\"grid-template-columns:53% auto\"><figure class=\"wp-block-media-text__media\"><img decoding=\"async\" width=\"1024\" height=\"1024\" src=\"http:\/\/vsgvb.fr\/wp-content\/uploads\/2025\/07\/BEACH-JEUNES-RESULTATS-32-1024x1024.png\" alt=\"\" class=\"wp-image-1464 size-full\" srcset=\"https:\/\/vsgvb.fr\/wp-content\/uploads\/2025\/07\/BEACH-JEUNES-RESULTATS-32-1024x1024.png 1024w, https:\/\/vsgvb.fr\/wp-content\/uploads\/2025\/07\/BEACH-JEUNES-RESULTATS-32-300x300.png 300w, https:\/\/vsgvb.fr\/wp-content\/uploads\/2025\/07\/BEACH-JEUNES-RESULTATS-32-150x150.png 150w, https:\/\/vsgvb.fr\/wp-content\/uploads\/2025\/07\/BEACH-JEUNES-RESULTATS-32-768x768.png 768w, https:\/\/vsgvb.fr\/wp-content\/uploads\/2025\/07\/BEACH-JEUNES-RESULTATS-32.png 1080w\" sizes=\"(max-width: 1024px) 100vw, 1024px\" \/><\/figure><div class=\"wp-block-media-text__content\">\n<h2 class=\"wp-block-heading has-text-align-center\">Lundi : 18H00 &#8211; 20H00<\/h2>\n\n\n\n<p class=\"has-text-align-center has-white-color has-text-color\">Entre les mois de septembre et d&rsquo;avril<br>Stade Georges Lef\u00e8vre de Saint-Germain-en-Laye<br><a href=\"https:\/\/www.google.com\/maps\/place\/V%C3%A9sinet+Saint-Germain+Beach+Volley\/@48.9129007,2.0828911,17z\/data=!4m15!1m8!3m7!1s0x47e689c649d26f95:0x19432bdb6a24fced!2s3+Av.+du+Pr%C3%A9sident+John+Fitzgerald+Kennedy,+78100+Saint-Germain-en-Laye!3b1!8m2!3d48.9129007!4d2.0828911!16s%2Fg%2F11c1g2rzyy!3m5!1s0x47e689610c2eaa73:0x4ed580ce55a999e2!8m2!3d48.9115929!4d2.0816786!16s%2Fg%2F11stnh6qst?entry=ttu\" target=\"_blank\" rel=\"noopener\" title=\"3 Av. du Pr\u00e9sident John Fitzgerald Kennedy, Saint-Germain-en-Laye\">3 Av. du Pr\u00e9sident John Fitzgerald Kennedy, Saint-Germain-en-Laye<\/a><\/p>\n\n\n\n<p class=\"has-text-align-center has-white-color has-text-color\">Entre les mois d&rsquo;octobre et de mars<br>Halle Couverte &#8211; Stade Omnisports du Chemin de Ronde<br><a href=\"https:\/\/www.google.fr\/maps\/place\/Stade+Omnisports+du+Chemin+de+Ronde\/@48.8790884,2.1259128,17z\/data=!3m1!4b1!4m6!3m5!1s0x47e662952b2d3171:0x77ed9c78e43a2338!8m2!3d48.8790884!4d2.1259128!16s%2Fg%2F11c604lyx9?entry=ttu\" target=\"_blank\" rel=\"noopener\" title=\"Halle Couverte, Chemin de Ronde, Croissy sur Seine\">Halle Couverte, Chemin de Ronde, Croissy sur Seine<\/a><\/p>\n<\/div><\/div>\n","protected":false},"excerpt":{"rendered":"<p>Les cr\u00e9neaux pr\u00e9sent\u00e9s ci-dessous ont \u00e9t\u00e9 actualis\u00e9s au titre de la saison 2025\/2026 \u00e0 venir. Cr\u00e9neaux d&rsquo;entra\u00eenement &#8211; Initiation M13\/M15\/M18 Mixte Mercredi : 14H00 &#8211; 15H30 Entre les mois de septembre et d&rsquo;avrilStade Georges Lef\u00e8vre de Saint-Germain-en-Laye3 Av. du Pr\u00e9sident John Fitzgerald Kennedy, Saint-Germain-en-Laye Entre les mois d&rsquo;octobre et de marsHalle Couverte &#8211; Stade Omnisports &hellip;<\/p>\n<p class=\"read-more\"> <a class=\"\" href=\"https:\/\/vsgvb.fr\/?page_id=132\"> <span class=\"screen-reader-text\">Beach &#8211; Jeunes<\/span> Lire la suite\u00a0\u00bb<\/a><\/p>\n","protected":false},"author":1,"featured_media":0,"parent":0,"menu_order":0,"comment_status":"closed","ping_status":"closed","template":"","meta":{"_monsterinsights_skip_tracking":false,"_monsterinsights_sitenote_active":false,"_monsterinsights_sitenote_note":"","_monsterinsights_sitenote_category":0,"site-sidebar-layout":"default","site-content-layout":"","ast-site-content-layout":"","site-content-style":"default","site-sidebar-style":"default","ast-global-header-display":"","ast-banner-title-visibility":"","ast-main-header-display":"","ast-hfb-above-header-display":"","ast-hfb-below-header-display":"","ast-hfb-mobile-header-display":"","site-post-title":"","ast-breadcrumbs-content":"","ast-featured-img":"","footer-sml-layout":"","theme-transparent-header-meta":"","adv-header-id-meta":"","stick-header-meta":"","header-above-stick-meta":"","header-main-stick-meta":"","header-below-stick-meta":"","astra-migrate-meta-layouts":"default","ast-page-background-enabled":"default","ast-page-background-meta":{"desktop":{"background-color":"var(--ast-global-color-4)","background-image":"","background-repeat":"repeat","background-position":"center center","background-size":"auto","background-attachment":"scroll","background-type":"","background-media":"","overlay-type":"","overlay-color":"","overlay-gradient":""},"tablet":{"background-color":"","background-image":"","background-repeat":"repeat","background-position":"center center","background-size":"auto","background-attachment":"scroll","background-type":"","background-media":"","overlay-type":"","overlay-color":"","overlay-gradient":""},"mobile":{"background-color":"","background-image":"","background-repeat":"repeat","background-position":"center center","background-size":"auto","background-attachment":"scroll","background-type":"","background-media":"","overlay-type":"","overlay-color":"","overlay-gradient":""}},"ast-content-background-meta":{"desktop":{"background-color":"var(--ast-global-color-5)","background-image":"","background-repeat":"repeat","background-position":"center center","background-size":"auto","background-attachment":"scroll","background-type":"","background-media":"","overlay-type":"","overlay-color":"","overlay-gradient":""},"tablet":{"background-color":"var(--ast-global-color-5)","background-image":"","background-repeat":"repeat","background-position":"center center","background-size":"auto","background-attachment":"scroll","background-type":"","background-media":"","overlay-type":"","overlay-color":"","overlay-gradient":""},"mobile":{"background-color":"var(--ast-global-color-5)","background-image":"","background-repeat":"repeat","background-position":"center center","background-size":"auto","background-attachment":"scroll","background-type":"","background-media":"","overlay-type":"","overlay-color":"","overlay-gradient":""}},"footnotes":""},"class_list":["post-132","page","type-page","status-publish","hentry"],"aioseo_notices":[],"_links":{"self":[{"href":"https:\/\/vsgvb.fr\/index.php?rest_route=\/wp\/v2\/pages\/132","targetHints":{"allow":["GET"]}}],"collection":[{"href":"https:\/\/vsgvb.fr\/index.php?rest_route=\/wp\/v2\/pages"}],"about":[{"href":"https:\/\/vsgvb.fr\/index.php?rest_route=\/wp\/v2\/types\/page"}],"author":[{"embeddable":true,"href":"https:\/\/vsgvb.fr\/index.php?rest_route=\/wp\/v2\/users\/1"}],"replies":[{"embeddable":true,"href":"https:\/\/vsgvb.fr\/index.php?rest_route=%2Fwp%2Fv2%2Fcomments&post=132"}],"version-history":[{"count":41,"href":"https:\/\/vsgvb.fr\/index.php?rest_route=\/wp\/v2\/pages\/132\/revisions"}],"predecessor-version":[{"id":1540,"href":"https:\/\/vsgvb.fr\/index.php?rest_route=\/wp\/v2\/pages\/132\/revisions\/1540"}],"wp:attachment":[{"href":"https:\/\/vsgvb.fr\/index.php?rest_route=%2Fwp%2Fv2%2Fmedia&parent=132"}],"curies":[{"name":"wp","href":"https:\/\/api.w.org\/{rel}","templated":true}]}}